{"id":47,"date":"2019-04-30T14:02:01","date_gmt":"2019-04-30T12:02:01","guid":{"rendered":"http:\/\/www.global-projects.es\/?page_id=47"},"modified":"2022-11-09T09:41:24","modified_gmt":"2022-11-09T08:41:24","slug":"empresa-reformas-barcelona","status":"publish","type":"page","link":"https:\/\/www.global-projects.es\/es\/empresa-reformas-barcelona\/","title":{"rendered":"Empresa"},"content":{"rendered":"<p>[et_pb_section fb_built=\u00bb1&#8243; _builder_version=\u00bb4.16&#8243; global_colors_info=\u00bb{}\u00bb][et_pb_row column_structure=\u00bb2_5,3_5&#8243; _builder_version=\u00bb4.16&#8243; global_colors_info=\u00bb{}\u00bb][et_pb_column type=\u00bb2_5&#8243; _builder_version=\u00bb4.16&#8243; custom_padding=\u00bb|||\u00bb global_colors_info=\u00bb{}\u00bb custom_padding__hover=\u00bb|||\u00bb][et_pb_text module_class=\u00bbfeat-strong-text\u00bb _builder_version=\u00bb4.16&#8243; text_font=\u00bbSanchez||||||||\u00bb text_font_size=\u00bb22px\u00bb text_line_height=\u00bb1.6em\u00bb global_colors_info=\u00bb{}\u00bb]<\/p>\n<p>Global Projects es una empresa de construcci\u00f3n y <strong>reformas integrales de Barcelona<\/strong> y el \u00e1rea metropolitana. Llevamos <strong>m\u00e1s de 10 a\u00f1os en el mercado<\/strong> y contamos con un equipo con una larga trayectoria en el sector de la <strong>construcci\u00f3n<\/strong>, la <strong>arquitectura<\/strong> y el <strong>interiorismo<\/strong>.<\/p>\n<p>[\/et_pb_text][\/et_pb_column][et_pb_column type=\u00bb3_5&#8243; _builder_version=\u00bb4.16&#8243; custom_padding=\u00bb|||\u00bb global_colors_info=\u00bb{}\u00bb custom_padding__hover=\u00bb|||\u00bb][et_pb_text _builder_version=\u00bb4.16&#8243; global_colors_info=\u00bb{}\u00bb]<\/p>\n<p>Contamos entre nuestros clientes con los m\u00e1s prestigiosos despachos de arquitectura y dise\u00f1o de interiores. Ofrecemos tres l\u00edneas de servicios de reformas integrales a profesionales y particulares: <strong>oficinas<\/strong>, <strong>locales comerciales<\/strong> y <strong>viviendas<\/strong>.<\/p>\n<p>Como constructora conseguimos plasmar las ideas de nuestros clientes a partir de la ejecuci\u00f3n de <strong>proyectos 360\u00ba<\/strong> basados en la <strong>calidad<\/strong>, el <strong>cumplimiento<\/strong> de los plazos marcados y el <strong>aporte de soluciones<\/strong> a las necesidades concretas de cada proyecto.<\/p>\n<p>Para ello, Global Projects prepara un presupuesto detallado antes de cada proyecto, un estado de medici\u00f3n y planos para que nuestros clientes tengan <strong>control total sobre la evoluci\u00f3n<\/strong> de su proyecto.<\/p>\n<p>[\/et_pb_text][\/et_pb_column][\/et_pb_row][et_pb_row column_structure=\u00bb1_3,1_3,1_3&#8243; use_custom_gutter=\u00bbon\u00bb gutter_width=\u00bb2&#8243; _builder_version=\u00bb4.16&#8243; global_colors_info=\u00bb{}\u00bb][et_pb_column type=\u00bb1_3&#8243; _builder_version=\u00bb4.16&#8243; custom_padding=\u00bb|||\u00bb global_colors_info=\u00bb{}\u00bb custom_padding__hover=\u00bb|||\u00bb][\/et_pb_column][et_pb_column type=\u00bb1_3&#8243; _builder_version=\u00bb4.16&#8243; custom_padding=\u00bb|||\u00bb global_colors_info=\u00bb{}\u00bb custom_padding__hover=\u00bb|||\u00bb][et_pb_team_member name=\u00bbMarc Riba\u00bb position=\u00bbSocio fundador\u00bb image_url=\u00bbhttps:\/\/www.global-projects.es\/wp-content\/uploads\/2019\/07\/marc.jpg\u00bb _builder_version=\u00bb4.16&#8243; child_filter_saturate=\u00bb0%\u00bb custom_css_title=\u00bbmargin-top: 30px\u00bb custom_css_member_position=\u00bbmargin-bottom: 20px\u00bb saved_tabs=\u00bball\u00bb global_colors_info=\u00bb{}\u00bb]<\/p>\n<p>Empresario del mundo de la construcci\u00f3n con m\u00e1s de 10 a\u00f1os de experiencia en empresas del sector de las reformas. Proveniente de una familia de constructores, Marc Riba se encarga del \u00e1rea de desarrollo de negocio y la producci\u00f3n.<\/p>\n<p>[\/et_pb_team_member][\/et_pb_column][et_pb_column type=\u00bb1_3&#8243; _builder_version=\u00bb4.16&#8243; custom_padding=\u00bb|||\u00bb global_colors_info=\u00bb{}\u00bb custom_padding__hover=\u00bb|||\u00bb][\/et_pb_column][\/et_pb_row][\/et_pb_section][et_pb_section fb_built=\u00bb1&#8243; _builder_version=\u00bb4.16&#8243; border_width_all=\u00bb30px\u00bb border_color_all=\u00bb#f5f5f5&#8243; global_colors_info=\u00bb{}\u00bb][et_pb_row _builder_version=\u00bb4.16&#8243; custom_padding=\u00bb||0px\u00bb global_colors_info=\u00bb{}\u00bb][et_pb_column type=\u00bb4_4&#8243; _builder_version=\u00bb4.16&#8243; custom_padding=\u00bb|||\u00bb global_colors_info=\u00bb{}\u00bb custom_padding__hover=\u00bb|||\u00bb][et_pb_text _builder_version=\u00bb4.16&#8243; text_font=\u00bb|700|||||||\u00bb text_text_color=\u00bb#7eabaf\u00bb text_font_size=\u00bb22px\u00bb header_font=\u00bb||||||||\u00bb saved_tabs=\u00bball\u00bb global_colors_info=\u00bb{}\u00bb]<\/p>\n<p>Nuestros Servicios<\/p>\n<p>[\/et_pb_text][\/et_pb_column][\/et_pb_row][et_pb_row column_structure=\u00bb1_2,1_2&#8243; use_custom_gutter=\u00bbon\u00bb gutter_width=\u00bb2&#8243; custom_padding_last_edited=\u00bbon|desktop\u00bb _builder_version=\u00bb4.16&#8243; custom_padding=\u00bb||0px\u00bb custom_padding_tablet=\u00bb||60px|\u00bb custom_padding_phone=\u00bb||50px\u00bb global_colors_info=\u00bb{}\u00bb][et_pb_column type=\u00bb1_2&#8243; _builder_version=\u00bb4.16&#8243; custom_padding=\u00bb|||\u00bb global_colors_info=\u00bb{}\u00bb custom_padding__hover=\u00bb|||\u00bb][et_pb_text _builder_version=\u00bb4.16&#8243; text_font=\u00bb||||||||\u00bb global_colors_info=\u00bb{}\u00bb]<\/p>\n<h2>Reforma y rehabilitaci\u00f3n de viviendas<\/h2>\n<p>Realizamos <strong>proyectos \u00fanicos <\/strong>seg\u00fan las ideas, presupuestos y necesidades de cada clientes. Sacamos el m\u00e1ximo partido a las <strong>\u00faltimas tendencias<\/strong> y materiales disponibles, encontrando soluciones y dise\u00f1ando espacios para el <strong>m\u00e1ximo confort<\/strong>.<\/p>\n<p>[\/et_pb_text][et_pb_button button_url=\u00bb\/servicios\/reformas-integrales-en-barcelona\u00bb button_text=\u00bbInf\u00f3rmate\u00bb _builder_version=\u00bb4.16&#8243; custom_margin=\u00bb||\u00bb global_colors_info=\u00bb{}\u00bb][\/et_pb_button][\/et_pb_column][et_pb_column type=\u00bb1_2&#8243; _builder_version=\u00bb4.16&#8243; custom_padding=\u00bb|||\u00bb global_colors_info=\u00bb{}\u00bb custom_padding__hover=\u00bb|||\u00bb][et_pb_image src=\u00bbhttps:\/\/www.global-projects.es\/wp-content\/uploads\/2020\/12\/AGA4955-scaled.jpg\u00bb title_text=\u00bb_AGA4955&#8243; align_tablet=\u00bbcenter\u00bb align_phone=\u00bb\u00bb align_last_edited=\u00bbon|desktop\u00bb _builder_version=\u00bb4.16&#8243; global_colors_info=\u00bb{}\u00bb][\/et_pb_image][\/et_pb_column][\/et_pb_row][et_pb_row column_structure=\u00bb1_2,1_2&#8243; use_custom_gutter=\u00bbon\u00bb gutter_width=\u00bb2&#8243; custom_padding_last_edited=\u00bbon|tablet\u00bb _builder_version=\u00bb4.16&#8243; custom_padding=\u00bb||0px\u00bb custom_padding_tablet=\u00bb||60px|\u00bb custom_padding_phone=\u00bb||50px\u00bb global_colors_info=\u00bb{}\u00bb][et_pb_column type=\u00bb1_2&#8243; _builder_version=\u00bb4.16&#8243; custom_padding=\u00bb|||\u00bb global_colors_info=\u00bb{}\u00bb custom_padding__hover=\u00bb|||\u00bb][et_pb_text _builder_version=\u00bb4.16&#8243; global_colors_info=\u00bb{}\u00bb]<\/p>\n<h2>Reforma y rehabilitaci\u00f3n de locales comerciales<\/h2>\n<p>[\/et_pb_text][et_pb_text _builder_version=\u00bb4.16&#8243; global_colors_info=\u00bb{}\u00bb]<\/p>\n<p>Rehabilitamos y hacemos <strong>reformas parciales e integrales<\/strong>, as\u00ed como <strong>ampliaci\u00f3n y reducci\u00f3n<\/strong> de locales. Nuestro servicio engloba desde la <strong>iluminaci\u00f3n<\/strong> de los espacios hasta la <strong>elecci\u00f3n del mobiliario<\/strong> adecuado para tu negocio.<\/p>\n<p>[\/et_pb_text][et_pb_button button_url=\u00bb\/servicios\/reformas-de-locales-comerciales\u00bb button_text=\u00bbInf\u00f3rmate\u00bb button_alignment=\u00bbleft\u00bb _builder_version=\u00bb4.16&#8243; custom_margin=\u00bb20px||\u00bb global_colors_info=\u00bb{}\u00bb][\/et_pb_button][\/et_pb_column][et_pb_column type=\u00bb1_2&#8243; _builder_version=\u00bb4.16&#8243; custom_padding=\u00bb|||\u00bb global_colors_info=\u00bb{}\u00bb custom_padding__hover=\u00bb|||\u00bb][et_pb_image src=\u00bbhttps:\/\/www.global-projects.es\/wp-content\/uploads\/2020\/05\/reforma_GP_hostal-rambla-4-scaled.jpg\u00bb title_text=\u00bbreforma_GP_hostal rambla 4&#8243; align_tablet=\u00bbcenter\u00bb align_phone=\u00bb\u00bb align_last_edited=\u00bbon|desktop\u00bb _builder_version=\u00bb4.19.0&#8243; global_colors_info=\u00bb{}\u00bb][\/et_pb_image][\/et_pb_column][\/et_pb_row][et_pb_row column_structure=\u00bb1_2,1_2&#8243; use_custom_gutter=\u00bbon\u00bb gutter_width=\u00bb2&#8243; _builder_version=\u00bb4.16&#8243; custom_padding=\u00bb||\u00bb global_colors_info=\u00bb{}\u00bb][et_pb_column type=\u00bb1_2&#8243; _builder_version=\u00bb4.16&#8243; custom_padding=\u00bb|||\u00bb global_colors_info=\u00bb{}\u00bb custom_padding__hover=\u00bb|||\u00bb][et_pb_text _builder_version=\u00bb4.16&#8243; text_font=\u00bb||||||||\u00bb global_colors_info=\u00bb{}\u00bb]<\/p>\n<h2>Reforma y rehabilitaci\u00f3n de oficinas<\/h2>\n<p>[\/et_pb_text][et_pb_text _builder_version=\u00bb4.16&#8243; text_font=\u00bb||||||||\u00bb global_colors_info=\u00bb{}\u00bb]<\/p>\n<p>Nos especializamos en <strong>personalizar lugares<\/strong> de trabajo y <strong>optimizar espacios<\/strong> profesionales. Trabajamos para que el proyecto se adapte de manera fidedigna a la imagen corporativa del cliente hasta el \u00faltimo detalle.<\/p>\n<p>[\/et_pb_text][et_pb_button button_url=\u00bb\/servicios\/reformas-de-oficinas\u00bb button_text=\u00bbInf\u00f3rmate\u00bb _builder_version=\u00bb4.16&#8243; custom_margin=\u00bb20px||\u00bb global_colors_info=\u00bb{}\u00bb][\/et_pb_button][\/et_pb_column][et_pb_column type=\u00bb1_2&#8243; _builder_version=\u00bb4.16&#8243; custom_padding=\u00bb|||\u00bb global_colors_info=\u00bb{}\u00bb custom_padding__hover=\u00bb|||\u00bb][et_pb_image src=\u00bbhttps:\/\/www.global-projects.es\/wp-content\/uploads\/2019\/09\/Oficinas-Tashia-4.jpg\u00bb align_tablet=\u00bbcenter\u00bb align_phone=\u00bb\u00bb align_last_edited=\u00bbon|desktop\u00bb _builder_version=\u00bb4.16&#8243; global_colors_info=\u00bb{}\u00bb][\/et_pb_image][\/et_pb_column][\/et_pb_row][\/et_pb_section]<\/p>\n","protected":false},"excerpt":{"rendered":"<p>Global Projects es una empresa de construcci\u00f3n y reformas integrales de Barcelona y el \u00e1rea metropolitana. Llevamos m\u00e1s de 10 a\u00f1os en el mercado y contamos con un equipo con una larga trayectoria en el sector de la construcci\u00f3n, la arquitectura y el interiorismo.Contamos entre nuestros clientes con los m\u00e1s prestigiosos despachos de arquitectura y [&hellip;]<\/p>\n","protected":false},"author":8,"featured_media":0,"parent":0,"menu_order":21,"comment_status":"closed","ping_status":"closed","template":"","meta":{"_et_pb_use_builder":"on","_et_pb_old_content":"","_et_gb_content_width":"","footnotes":""},"class_list":["post-47","page","type-page","status-publish","hentry"],"yoast_head":"<!-- This site is optimized with the Yoast SEO plugin v27.4 - https:\/\/yoast.com\/product\/yoast-seo-wordpress\/ -->\n<title>Empresa de reformas en Barcelona<\/title>\n<meta name=\"description\" content=\"Global Projects empresa de reformas en Barcelona y rehabilitaciones cuenta con m\u00e1s de 10 a\u00f1os de experiencia en el sector de las reformas. Calidad 360 \u00ba!\" \/>\n<meta name=\"robots\" content=\"index, follow, max-snippet:-1, max-image-preview:large, max-video-preview:-1\" \/>\n<link rel=\"canonical\" href=\"https:\/\/www.global-projects.es\/es\/empresa-reformas-barcelona\/\" \/>\n<meta property=\"og:locale\" content=\"es_ES\" \/>\n<meta property=\"og:type\" content=\"article\" \/>\n<meta property=\"og:title\" content=\"Empresa de reformas en Barcelona\" \/>\n<meta property=\"og:description\" content=\"Global Projects empresa de reformas en Barcelona y rehabilitaciones cuenta con m\u00e1s de 10 a\u00f1os de experiencia en el sector de las reformas. Calidad 360 \u00ba!\" \/>\n<meta property=\"og:url\" content=\"https:\/\/www.global-projects.es\/es\/empresa-reformas-barcelona\/\" \/>\n<meta property=\"og:site_name\" content=\"Global Projects\" \/>\n<meta property=\"article:publisher\" content=\"https:\/\/www.facebook.com\/gblprojects\" \/>\n<meta property=\"article:modified_time\" content=\"2022-11-09T08:41:24+00:00\" \/>\n<meta name=\"twitter:card\" content=\"summary_large_image\" \/>\n<meta name=\"twitter:site\" content=\"@global_projects\" \/>\n<meta name=\"twitter:label1\" content=\"Tiempo de lectura\" \/>\n\t<meta name=\"twitter:data1\" content=\"5 minutos\" \/>\n<script type=\"application\/ld+json\" class=\"yoast-schema-graph\">{\"@context\":\"https:\\\/\\\/schema.org\",\"@graph\":[{\"@type\":\"WebPage\",\"@id\":\"https:\\\/\\\/www.global-projects.es\\\/es\\\/empresa-reformas-barcelona\\\/\",\"url\":\"https:\\\/\\\/www.global-projects.es\\\/es\\\/empresa-reformas-barcelona\\\/\",\"name\":\"Empresa de reformas en Barcelona\",\"isPartOf\":{\"@id\":\"https:\\\/\\\/www.global-projects.es\\\/es\\\/#website\"},\"datePublished\":\"2019-04-30T12:02:01+00:00\",\"dateModified\":\"2022-11-09T08:41:24+00:00\",\"description\":\"Global Projects empresa de reformas en Barcelona y rehabilitaciones cuenta con m\u00e1s de 10 a\u00f1os de experiencia en el sector de las reformas. Calidad 360 \u00ba!\",\"breadcrumb\":{\"@id\":\"https:\\\/\\\/www.global-projects.es\\\/es\\\/empresa-reformas-barcelona\\\/#breadcrumb\"},\"inLanguage\":\"es\",\"potentialAction\":[{\"@type\":\"ReadAction\",\"target\":[\"https:\\\/\\\/www.global-projects.es\\\/es\\\/empresa-reformas-barcelona\\\/\"]}]},{\"@type\":\"BreadcrumbList\",\"@id\":\"https:\\\/\\\/www.global-projects.es\\\/es\\\/empresa-reformas-barcelona\\\/#breadcrumb\",\"itemListElement\":[{\"@type\":\"ListItem\",\"position\":1,\"name\":\"Portada\",\"item\":\"https:\\\/\\\/www.global-projects.es\\\/es\\\/\"},{\"@type\":\"ListItem\",\"position\":2,\"name\":\"Empresa\"}]},{\"@type\":\"WebSite\",\"@id\":\"https:\\\/\\\/www.global-projects.es\\\/es\\\/#website\",\"url\":\"https:\\\/\\\/www.global-projects.es\\\/es\\\/\",\"name\":\"Global Projects\",\"description\":\"Reformas Integrales Barcelona\",\"potentialAction\":[{\"@type\":\"SearchAction\",\"target\":{\"@type\":\"EntryPoint\",\"urlTemplate\":\"https:\\\/\\\/www.global-projects.es\\\/es\\\/?s={search_term_string}\"},\"query-input\":{\"@type\":\"PropertyValueSpecification\",\"valueRequired\":true,\"valueName\":\"search_term_string\"}}],\"inLanguage\":\"es\"}]}<\/script>\n<!-- \/ Yoast SEO plugin. -->","yoast_head_json":{"title":"Empresa de reformas en Barcelona","description":"Global Projects empresa de reformas en Barcelona y rehabilitaciones cuenta con m\u00e1s de 10 a\u00f1os de experiencia en el sector de las reformas. Calidad 360 \u00ba!","robots":{"index":"index","follow":"follow","max-snippet":"max-snippet:-1","max-image-preview":"max-image-preview:large","max-video-preview":"max-video-preview:-1"},"canonical":"https:\/\/www.global-projects.es\/es\/empresa-reformas-barcelona\/","og_locale":"es_ES","og_type":"article","og_title":"Empresa de reformas en Barcelona","og_description":"Global Projects empresa de reformas en Barcelona y rehabilitaciones cuenta con m\u00e1s de 10 a\u00f1os de experiencia en el sector de las reformas. Calidad 360 \u00ba!","og_url":"https:\/\/www.global-projects.es\/es\/empresa-reformas-barcelona\/","og_site_name":"Global Projects","article_publisher":"https:\/\/www.facebook.com\/gblprojects","article_modified_time":"2022-11-09T08:41:24+00:00","twitter_card":"summary_large_image","twitter_site":"@global_projects","twitter_misc":{"Tiempo de lectura":"5 minutos"},"schema":{"@context":"https:\/\/schema.org","@graph":[{"@type":"WebPage","@id":"https:\/\/www.global-projects.es\/es\/empresa-reformas-barcelona\/","url":"https:\/\/www.global-projects.es\/es\/empresa-reformas-barcelona\/","name":"Empresa de reformas en Barcelona","isPartOf":{"@id":"https:\/\/www.global-projects.es\/es\/#website"},"datePublished":"2019-04-30T12:02:01+00:00","dateModified":"2022-11-09T08:41:24+00:00","description":"Global Projects empresa de reformas en Barcelona y rehabilitaciones cuenta con m\u00e1s de 10 a\u00f1os de experiencia en el sector de las reformas. Calidad 360 \u00ba!","breadcrumb":{"@id":"https:\/\/www.global-projects.es\/es\/empresa-reformas-barcelona\/#breadcrumb"},"inLanguage":"es","potentialAction":[{"@type":"ReadAction","target":["https:\/\/www.global-projects.es\/es\/empresa-reformas-barcelona\/"]}]},{"@type":"BreadcrumbList","@id":"https:\/\/www.global-projects.es\/es\/empresa-reformas-barcelona\/#breadcrumb","itemListElement":[{"@type":"ListItem","position":1,"name":"Portada","item":"https:\/\/www.global-projects.es\/es\/"},{"@type":"ListItem","position":2,"name":"Empresa"}]},{"@type":"WebSite","@id":"https:\/\/www.global-projects.es\/es\/#website","url":"https:\/\/www.global-projects.es\/es\/","name":"Global Projects","description":"Reformas Integrales Barcelona","potentialAction":[{"@type":"SearchAction","target":{"@type":"EntryPoint","urlTemplate":"https:\/\/www.global-projects.es\/es\/?s={search_term_string}"},"query-input":{"@type":"PropertyValueSpecification","valueRequired":true,"valueName":"search_term_string"}}],"inLanguage":"es"}]}},"_links":{"self":[{"href":"https:\/\/www.global-projects.es\/es\/wp-json\/wp\/v2\/pages\/47","targetHints":{"allow":["GET"]}}],"collection":[{"href":"https:\/\/www.global-projects.es\/es\/wp-json\/wp\/v2\/pages"}],"about":[{"href":"https:\/\/www.global-projects.es\/es\/wp-json\/wp\/v2\/types\/page"}],"author":[{"embeddable":true,"href":"https:\/\/www.global-projects.es\/es\/wp-json\/wp\/v2\/users\/8"}],"replies":[{"embeddable":true,"href":"https:\/\/www.global-projects.es\/es\/wp-json\/wp\/v2\/comments?post=47"}],"version-history":[{"count":0,"href":"https:\/\/www.global-projects.es\/es\/wp-json\/wp\/v2\/pages\/47\/revisions"}],"wp:attachment":[{"href":"https:\/\/www.global-projects.es\/es\/wp-json\/wp\/v2\/media?parent=47"}],"curies":[{"name":"wp","href":"https:\/\/api.w.org\/{rel}","templated":true}]}}