{"id":378,"date":"2019-06-25T12:37:02","date_gmt":"2019-06-25T10:37:02","guid":{"rendered":"http:\/\/www.global-projects.es\/?page_id=378"},"modified":"2024-02-13T16:47:15","modified_gmt":"2024-02-13T15:47:15","slug":"contacto","status":"publish","type":"page","link":"https:\/\/www.global-projects.es\/es\/contacto\/","title":{"rendered":"Contacto"},"content":{"rendered":"<p>[et_pb_section fb_built=\u00bb1&#8243; _builder_version=\u00bb4.16&#8243; custom_padding=\u00bb||1px|||\u00bb global_colors_info=\u00bb{}\u00bb][et_pb_row column_structure=\u00bb1_3,2_3&#8243; _builder_version=\u00bb4.16&#8243; global_colors_info=\u00bb{}\u00bb][et_pb_column type=\u00bb1_3&#8243; _builder_version=\u00bb4.16&#8243; custom_padding=\u00bb|||\u00bb global_colors_info=\u00bb{}\u00bb custom_padding__hover=\u00bb|||\u00bb][et_pb_text module_class=\u00bbpage-title\u00bb _builder_version=\u00bb4.16&#8243; global_colors_info=\u00bb{}\u00bb]<\/p>\n<h1>Contacta<\/h1>\n<p>[\/et_pb_text][et_pb_text _builder_version=\u00bb4.16&#8243; global_colors_info=\u00bb{}\u00bb]<\/p>\n<p>S\u00edguenos en las redes sociales:<\/p>\n<p>[\/et_pb_text][et_pb_social_media_follow _builder_version=\u00bb4.16&#8243; custom_padding=\u00bb||\u00bb border_radii=\u00bbon|50%|50%|50%|50%\u00bb border_width_all=\u00bb4px\u00bb border_color_all=\u00bb#b1ced6&#8243; global_colors_info=\u00bb{}\u00bb][et_pb_social_media_follow_network social_network=\u00bbpinterest\u00bb url=\u00bbhttps:\/\/www.pinterest.es\/globalprojectsbcn\/\u00bb _builder_version=\u00bb4.16&#8243; background_color=\u00bb#7eabaf\u00bb background_enable_color=\u00bbon\u00bb custom_padding=\u00bb5px|5px|5px|5px\u00bb global_colors_info=\u00bb{}\u00bb follow_button=\u00bboff\u00bb url_new_window=\u00bbon\u00bb]pinterest[\/et_pb_social_media_follow_network][et_pb_social_media_follow_network social_network=\u00bbfacebook\u00bb url=\u00bbhttps:\/\/www.facebook.com\/gblprojects\u00bb _builder_version=\u00bb4.16&#8243; background_color=\u00bb#7eabaf\u00bb background_enable_color=\u00bbon\u00bb custom_padding=\u00bb5px|5px|5px|5px\u00bb global_colors_info=\u00bb{}\u00bb follow_button=\u00bboff\u00bb url_new_window=\u00bbon\u00bb]facebook[\/et_pb_social_media_follow_network][et_pb_social_media_follow_network social_network=\u00bbinstagram\u00bb url=\u00bbhttps:\/\/www.instagram.com\/globalprojectsbcn\/\u00bb _builder_version=\u00bb4.16&#8243; background_color=\u00bb#7eabaf\u00bb background_enable_color=\u00bbon\u00bb custom_padding=\u00bb5px|5px|5px|5px\u00bb global_colors_info=\u00bb{}\u00bb follow_button=\u00bboff\u00bb url_new_window=\u00bbon\u00bb]instagram[\/et_pb_social_media_follow_network][et_pb_social_media_follow_network social_network=\u00bblinkedin\u00bb url=\u00bbhttps:\/\/www.linkedin.com\/in\/global-projects-bcn-57011733\/\u00bb _builder_version=\u00bb4.16&#8243; background_color=\u00bb#7eabaf\u00bb background_enable_color=\u00bbon\u00bb custom_padding=\u00bb5px|5px|5px|5px\u00bb global_colors_info=\u00bb{}\u00bb follow_button=\u00bboff\u00bb url_new_window=\u00bbon\u00bb]linkedin[\/et_pb_social_media_follow_network][\/et_pb_social_media_follow][\/et_pb_column][et_pb_column type=\u00bb2_3&#8243; _builder_version=\u00bb4.16&#8243; custom_padding=\u00bb|||\u00bb global_colors_info=\u00bb{}\u00bb custom_padding__hover=\u00bb|||\u00bb][et_pb_text _builder_version=\u00bb4.16&#8243; global_colors_info=\u00bb{}\u00bb]<\/p>\n<p>En Global Projects estamos a tu disposici\u00f3n. Desde el principio te acompa\u00f1amos, te aconsejamos y te ayudamos en todo lo que necesitas. \u00bfTienes una idea en mente y quieres un presupuesto? \u00a1Escr\u00edbenos ahora!<\/p>\n<p>[\/et_pb_text][et_pb_contact_form use_spam_service=\u00bbon\u00bb recaptcha_list=\u00bbGlobal Projects|Global Projects-0&#8243; email=\u00bbmriba@global-projects.es\u00bb custom_message=\u00bbNom: %%Name%%||et_pb_line_break_holder||Email: %%Email_Address%%||et_pb_line_break_holder||Missatge: %%Message%%\u00bb success_message=\u00bbGracias por contactarnos, en breve nos pondremos en contacto\u00bb module_id=\u00bbcontact-page-form\u00bb _builder_version=\u00bb4.24.0&#8243; _unique_id=\u00bb0ef9975b-46c5-4439-8ca4-f6e2c8ccd5c3&#8243; form_field_background_color=\u00bbrgba(126,171,175,0.2)\u00bb form_field_text_color=\u00bb#7eabaf\u00bb form_field_font=\u00bb||||||||\u00bb hover_enabled=\u00bb0&#8243; form_background_color=\u00bbrgba(0,164,179,0.08)\u00bb global_colors_info=\u00bb{}\u00bb sticky_enabled=\u00bb0&#8243;][et_pb_contact_field field_id=\u00bbName\u00bb field_title=\u00bbNombre\u00bb _builder_version=\u00bb4.16&#8243; global_colors_info=\u00bb{}\u00bb button_text_size__hover_enabled=\u00bboff\u00bb button_one_text_size__hover_enabled=\u00bboff\u00bb button_two_text_size__hover_enabled=\u00bboff\u00bb button_text_color__hover_enabled=\u00bboff\u00bb button_one_text_color__hover_enabled=\u00bboff\u00bb button_two_text_color__hover_enabled=\u00bboff\u00bb button_border_width__hover_enabled=\u00bboff\u00bb button_one_border_width__hover_enabled=\u00bboff\u00bb button_two_border_width__hover_enabled=\u00bboff\u00bb button_border_color__hover_enabled=\u00bboff\u00bb button_one_border_color__hover_enabled=\u00bboff\u00bb button_two_border_color__hover_enabled=\u00bboff\u00bb button_border_radius__hover_enabled=\u00bboff\u00bb button_one_border_radius__hover_enabled=\u00bboff\u00bb button_two_border_radius__hover_enabled=\u00bboff\u00bb button_letter_spacing__hover_enabled=\u00bboff\u00bb button_one_letter_spacing__hover_enabled=\u00bboff\u00bb button_two_letter_spacing__hover_enabled=\u00bboff\u00bb button_bg_color__hover_enabled=\u00bboff\u00bb button_one_bg_color__hover_enabled=\u00bboff\u00bb button_two_bg_color__hover_enabled=\u00bboff\u00bb][\/et_pb_contact_field][et_pb_contact_field field_id=\u00bbEmail_Address\u00bb field_title=\u00bbDirecci\u00f3n de correo electr\u00f3nico\u00bb field_type=\u00bbemail\u00bb _builder_version=\u00bb4.16&#8243; global_colors_info=\u00bb{}\u00bb button_text_size__hover_enabled=\u00bboff\u00bb button_one_text_size__hover_enabled=\u00bboff\u00bb button_two_text_size__hover_enabled=\u00bboff\u00bb button_text_color__hover_enabled=\u00bboff\u00bb button_one_text_color__hover_enabled=\u00bboff\u00bb button_two_text_color__hover_enabled=\u00bboff\u00bb button_border_width__hover_enabled=\u00bboff\u00bb button_one_border_width__hover_enabled=\u00bboff\u00bb button_two_border_width__hover_enabled=\u00bboff\u00bb button_border_color__hover_enabled=\u00bboff\u00bb button_one_border_color__hover_enabled=\u00bboff\u00bb button_two_border_color__hover_enabled=\u00bboff\u00bb button_border_radius__hover_enabled=\u00bboff\u00bb button_one_border_radius__hover_enabled=\u00bboff\u00bb button_two_border_radius__hover_enabled=\u00bboff\u00bb button_letter_spacing__hover_enabled=\u00bboff\u00bb button_one_letter_spacing__hover_enabled=\u00bboff\u00bb button_two_letter_spacing__hover_enabled=\u00bboff\u00bb button_bg_color__hover_enabled=\u00bboff\u00bb button_one_bg_color__hover_enabled=\u00bboff\u00bb button_two_bg_color__hover_enabled=\u00bboff\u00bb][\/et_pb_contact_field][et_pb_contact_field field_id=\u00bbMessage\u00bb field_title=\u00bbMensaje\u00bb field_type=\u00bbtext\u00bb fullwidth_field=\u00bbon\u00bb _builder_version=\u00bb4.16&#8243; global_colors_info=\u00bb{}\u00bb button_text_size__hover_enabled=\u00bboff\u00bb button_one_text_size__hover_enabled=\u00bboff\u00bb button_two_text_size__hover_enabled=\u00bboff\u00bb button_text_color__hover_enabled=\u00bboff\u00bb button_one_text_color__hover_enabled=\u00bboff\u00bb button_two_text_color__hover_enabled=\u00bboff\u00bb button_border_width__hover_enabled=\u00bboff\u00bb button_one_border_width__hover_enabled=\u00bboff\u00bb button_two_border_width__hover_enabled=\u00bboff\u00bb button_border_color__hover_enabled=\u00bboff\u00bb button_one_border_color__hover_enabled=\u00bboff\u00bb button_two_border_color__hover_enabled=\u00bboff\u00bb button_border_radius__hover_enabled=\u00bboff\u00bb button_one_border_radius__hover_enabled=\u00bboff\u00bb button_two_border_radius__hover_enabled=\u00bboff\u00bb button_letter_spacing__hover_enabled=\u00bboff\u00bb button_one_letter_spacing__hover_enabled=\u00bboff\u00bb button_two_letter_spacing__hover_enabled=\u00bboff\u00bb button_bg_color__hover_enabled=\u00bboff\u00bb button_one_bg_color__hover_enabled=\u00bboff\u00bb button_two_bg_color__hover_enabled=\u00bboff\u00bb][\/et_pb_contact_field][\/et_pb_contact_form][\/et_pb_column][\/et_pb_row][\/et_pb_section][et_pb_section fb_built=\u00bb1&#8243; _builder_version=\u00bb4.7.3&#8243; _module_preset=\u00bbdefault\u00bb custom_padding=\u00bb0px|||||\u00bb global_module=\u00bb10657&#8243; saved_tabs=\u00bball\u00bb global_colors_info=\u00bb{}\u00bb][et_pb_row disabled_on=\u00bboff|off|off\u00bb _builder_version=\u00bb4.16&#8243; _module_preset=\u00bbdefault\u00bb max_width=\u00bb100%\u00bb global_colors_info=\u00bb{}\u00bb][et_pb_column type=\u00bb4_4&#8243; _builder_version=\u00bb4.16&#8243; _module_preset=\u00bbdefault\u00bb global_colors_info=\u00bb{}\u00bb][et_pb_text disabled_on=\u00bboff|off|off\u00bb _builder_version=\u00bb4.20.0&#8243; _module_preset=\u00bbdefault\u00bb text_orientation=\u00bbcenter\u00bb global_colors_info=\u00bb{}\u00bb]<strong>BARCELONA<\/strong><\/p>\n<p>C\/ Rosell\u00f3, 231 principal 1\u00ba<br \/>\n08008 Barcelona<\/p>\n<p><a href=\"tel:+34609684940\"><strong>+34 609 684 940 |\u00a0<\/strong><\/a><a href=\"mailto:mriba@global-projects.es\"><strong>mriba@global-projects.es<\/strong><\/a>[\/et_pb_text][et_pb_map address=\u00bbCarrer del Rossell\u00f3, 231, Principal, 2\u00aa, 08008 Barcelona, Espa\u00f1a\u00bb address_lat=\u00bb41.3939345&#8243; address_lng=\u00bb2.1579998&#8243; _builder_version=\u00bb4.16&#8243; _module_preset=\u00bbdefault\u00bb width=\u00bb100%\u00bb global_colors_info=\u00bb{}\u00bb][et_pb_map_pin pin_address=\u00bbCarrer del Rossell\u00f3, 231, Principal, 2\u00aa, 08008 Barcelona, Espa\u00f1a\u00bb pin_address_lat=\u00bb41.3939345&#8243; pin_address_lng=\u00bb2.1579998&#8243; _builder_version=\u00bb4.7.3&#8243; _module_preset=\u00bbdefault\u00bb global_colors_info=\u00bb{}\u00bb][\/et_pb_map_pin][\/et_pb_map][\/et_pb_column][\/et_pb_row][\/et_pb_section][et_pb_section fb_built=\u00bb1&#8243; fullwidth=\u00bbon\u00bb disabled_on=\u00bboff|off|off\u00bb _builder_version=\u00bb4.16&#8243; global_colors_info=\u00bb{}\u00bb][et_pb_fullwidth_map address=\u00bbCarrer del Rossell\u00f3, 231, 08008 Barcelona, Espa\u00f1a\u00bb zoom_level=\u00bb14&#8243; address_lat=\u00bb41.3939345&#8243; address_lng=\u00bb2.1579998&#8243; mouse_wheel=\u00bboff\u00bb disabled_on=\u00bbon|on|on\u00bb _builder_version=\u00bb4.16&#8243; filter_saturate=\u00bb0%\u00bb border_width_all=\u00bb30px\u00bb border_color_all=\u00bb#ffffff\u00bb disabled=\u00bbon\u00bb global_colors_info=\u00bb{}\u00bb][et_pb_map_pin title=\u00bbCarrer del Rossell\u00f3, 231, 08008 Barcelona\u00bb pin_address=\u00bbCarrer del Rossell\u00f3, 231, 08008 Barcelona, Espa\u00f1a\u00bb zoom_level=\u00bb14&#8243; pin_address_lat=\u00bb41.3939345&#8243; pin_address_lng=\u00bb2.1579998&#8243; _builder_version=\u00bb3.22.5&#8243; global_colors_info=\u00bb{}\u00bb][\/et_pb_map_pin][\/et_pb_fullwidth_map][\/et_pb_section]<\/p>\n","protected":false},"excerpt":{"rendered":"<p>ContactaS\u00edguenos en las redes sociales:En Global Projects estamos a tu disposici\u00f3n. Desde el principio te acompa\u00f1amos, te aconsejamos y te ayudamos en todo lo que necesitas. \u00bfTienes una idea en mente y quieres un presupuesto? \u00a1Escr\u00edbenos ahora!BARCELONA C\/ Rosell\u00f3, 231 principal 1\u00ba 08008 Barcelona +34 609 684 940 |\u00a0mriba@global-projects.es<\/p>\n","protected":false},"author":8,"featured_media":0,"parent":0,"menu_order":3,"comment_status":"closed","ping_status":"closed","template":"","meta":{"_et_pb_use_builder":"on","_et_pb_old_content":"","_et_gb_content_width":"","footnotes":""},"class_list":["post-378","page","type-page","status-publish","hentry"],"yoast_head":"<!-- This site is optimized with the Yoast SEO plugin v27.4 - https:\/\/yoast.com\/product\/yoast-seo-wordpress\/ -->\n<title>Contacto - Global Projects<\/title>\n<meta name=\"description\" content=\"Global Projects empresa de reformas integrales en Barcelona. P\u00eddenos presupuesto sin compromiso. Calidad certificada.\" \/>\n<meta name=\"robots\" content=\"index, follow, max-snippet:-1, max-image-preview:large, max-video-preview:-1\" \/>\n<link rel=\"canonical\" href=\"https:\/\/www.global-projects.es\/es\/contacto\/\" \/>\n<meta property=\"og:locale\" content=\"es_ES\" \/>\n<meta property=\"og:type\" content=\"article\" \/>\n<meta property=\"og:title\" content=\"Contacto - Global Projects\" \/>\n<meta property=\"og:description\" content=\"Global Projects empresa de reformas integrales en Barcelona. P\u00eddenos presupuesto sin compromiso. Calidad certificada.\" \/>\n<meta property=\"og:url\" content=\"https:\/\/www.global-projects.es\/es\/contacto\/\" \/>\n<meta property=\"og:site_name\" content=\"Global Projects\" \/>\n<meta property=\"article:publisher\" content=\"https:\/\/www.facebook.com\/gblprojects\" \/>\n<meta property=\"article:modified_time\" content=\"2024-02-13T15:47:15+00:00\" \/>\n<meta name=\"twitter:card\" content=\"summary_large_image\" \/>\n<meta name=\"twitter:site\" content=\"@global_projects\" \/>\n<meta name=\"twitter:label1\" content=\"Tiempo de lectura\" \/>\n\t<meta name=\"twitter:data1\" content=\"6 minutos\" \/>\n<script type=\"application\/ld+json\" class=\"yoast-schema-graph\">{\"@context\":\"https:\\\/\\\/schema.org\",\"@graph\":[{\"@type\":\"WebPage\",\"@id\":\"https:\\\/\\\/www.global-projects.es\\\/es\\\/contacto\\\/\",\"url\":\"https:\\\/\\\/www.global-projects.es\\\/es\\\/contacto\\\/\",\"name\":\"Contacto - Global Projects\",\"isPartOf\":{\"@id\":\"https:\\\/\\\/www.global-projects.es\\\/es\\\/#website\"},\"datePublished\":\"2019-06-25T10:37:02+00:00\",\"dateModified\":\"2024-02-13T15:47:15+00:00\",\"description\":\"Global Projects empresa de reformas integrales en Barcelona. P\u00eddenos presupuesto sin compromiso. Calidad certificada.\",\"breadcrumb\":{\"@id\":\"https:\\\/\\\/www.global-projects.es\\\/es\\\/contacto\\\/#breadcrumb\"},\"inLanguage\":\"es\",\"potentialAction\":[{\"@type\":\"ReadAction\",\"target\":[\"https:\\\/\\\/www.global-projects.es\\\/es\\\/contacto\\\/\"]}]},{\"@type\":\"BreadcrumbList\",\"@id\":\"https:\\\/\\\/www.global-projects.es\\\/es\\\/contacto\\\/#breadcrumb\",\"itemListElement\":[{\"@type\":\"ListItem\",\"position\":1,\"name\":\"Portada\",\"item\":\"https:\\\/\\\/www.global-projects.es\\\/es\\\/\"},{\"@type\":\"ListItem\",\"position\":2,\"name\":\"Contacto\"}]},{\"@type\":\"WebSite\",\"@id\":\"https:\\\/\\\/www.global-projects.es\\\/es\\\/#website\",\"url\":\"https:\\\/\\\/www.global-projects.es\\\/es\\\/\",\"name\":\"Global Projects\",\"description\":\"Reformas Integrales Barcelona\",\"potentialAction\":[{\"@type\":\"SearchAction\",\"target\":{\"@type\":\"EntryPoint\",\"urlTemplate\":\"https:\\\/\\\/www.global-projects.es\\\/es\\\/?s={search_term_string}\"},\"query-input\":{\"@type\":\"PropertyValueSpecification\",\"valueRequired\":true,\"valueName\":\"search_term_string\"}}],\"inLanguage\":\"es\"}]}<\/script>\n<!-- \/ Yoast SEO plugin. -->","yoast_head_json":{"title":"Contacto - Global Projects","description":"Global Projects empresa de reformas integrales en Barcelona. P\u00eddenos presupuesto sin compromiso. Calidad certificada.","robots":{"index":"index","follow":"follow","max-snippet":"max-snippet:-1","max-image-preview":"max-image-preview:large","max-video-preview":"max-video-preview:-1"},"canonical":"https:\/\/www.global-projects.es\/es\/contacto\/","og_locale":"es_ES","og_type":"article","og_title":"Contacto - Global Projects","og_description":"Global Projects empresa de reformas integrales en Barcelona. P\u00eddenos presupuesto sin compromiso. Calidad certificada.","og_url":"https:\/\/www.global-projects.es\/es\/contacto\/","og_site_name":"Global Projects","article_publisher":"https:\/\/www.facebook.com\/gblprojects","article_modified_time":"2024-02-13T15:47:15+00:00","twitter_card":"summary_large_image","twitter_site":"@global_projects","twitter_misc":{"Tiempo de lectura":"6 minutos"},"schema":{"@context":"https:\/\/schema.org","@graph":[{"@type":"WebPage","@id":"https:\/\/www.global-projects.es\/es\/contacto\/","url":"https:\/\/www.global-projects.es\/es\/contacto\/","name":"Contacto - Global Projects","isPartOf":{"@id":"https:\/\/www.global-projects.es\/es\/#website"},"datePublished":"2019-06-25T10:37:02+00:00","dateModified":"2024-02-13T15:47:15+00:00","description":"Global Projects empresa de reformas integrales en Barcelona. P\u00eddenos presupuesto sin compromiso. Calidad certificada.","breadcrumb":{"@id":"https:\/\/www.global-projects.es\/es\/contacto\/#breadcrumb"},"inLanguage":"es","potentialAction":[{"@type":"ReadAction","target":["https:\/\/www.global-projects.es\/es\/contacto\/"]}]},{"@type":"BreadcrumbList","@id":"https:\/\/www.global-projects.es\/es\/contacto\/#breadcrumb","itemListElement":[{"@type":"ListItem","position":1,"name":"Portada","item":"https:\/\/www.global-projects.es\/es\/"},{"@type":"ListItem","position":2,"name":"Contacto"}]},{"@type":"WebSite","@id":"https:\/\/www.global-projects.es\/es\/#website","url":"https:\/\/www.global-projects.es\/es\/","name":"Global Projects","description":"Reformas Integrales Barcelona","potentialAction":[{"@type":"SearchAction","target":{"@type":"EntryPoint","urlTemplate":"https:\/\/www.global-projects.es\/es\/?s={search_term_string}"},"query-input":{"@type":"PropertyValueSpecification","valueRequired":true,"valueName":"search_term_string"}}],"inLanguage":"es"}]}},"_links":{"self":[{"href":"https:\/\/www.global-projects.es\/es\/wp-json\/wp\/v2\/pages\/378","targetHints":{"allow":["GET"]}}],"collection":[{"href":"https:\/\/www.global-projects.es\/es\/wp-json\/wp\/v2\/pages"}],"about":[{"href":"https:\/\/www.global-projects.es\/es\/wp-json\/wp\/v2\/types\/page"}],"author":[{"embeddable":true,"href":"https:\/\/www.global-projects.es\/es\/wp-json\/wp\/v2\/users\/8"}],"replies":[{"embeddable":true,"href":"https:\/\/www.global-projects.es\/es\/wp-json\/wp\/v2\/comments?post=378"}],"version-history":[{"count":2,"href":"https:\/\/www.global-projects.es\/es\/wp-json\/wp\/v2\/pages\/378\/revisions"}],"predecessor-version":[{"id":12797,"href":"https:\/\/www.global-projects.es\/es\/wp-json\/wp\/v2\/pages\/378\/revisions\/12797"}],"wp:attachment":[{"href":"https:\/\/www.global-projects.es\/es\/wp-json\/wp\/v2\/media?parent=378"}],"curies":[{"name":"wp","href":"https:\/\/api.w.org\/{rel}","templated":true}]}}