{"id":1009,"date":"2019-08-28T17:36:35","date_gmt":"2019-08-28T15:36:35","guid":{"rendered":"http:\/\/www.global-projects.es\/?page_id=1009"},"modified":"2024-02-13T16:56:20","modified_gmt":"2024-02-13T15:56:20","slug":"reformas-de-oficinas","status":"publish","type":"page","link":"https:\/\/www.global-projects.es\/es\/servicios\/reformas-de-oficinas\/","title":{"rendered":"Reformas de Oficinas"},"content":{"rendered":"<p>[et_pb_section fb_built=\u00bb1&#8243; _builder_version=\u00bb4.16&#8243; global_colors_info=\u00bb{}\u00bb][et_pb_row column_structure=\u00bb1_2,1_2&#8243; _builder_version=\u00bb4.16&#8243; global_colors_info=\u00bb{}\u00bb][et_pb_column type=\u00bb1_2&#8243; _builder_version=\u00bb4.16&#8243; custom_padding=\u00bb|||\u00bb global_colors_info=\u00bb{}\u00bb custom_padding__hover=\u00bb|||\u00bb][et_pb_text _builder_version=\u00bb4.16&#8243; custom_margin=\u00bb||15px\u00bb global_colors_info=\u00bb{}\u00bb]<\/p>\n<h1>Reformas de Oficinas<\/h1>\n<p>[\/et_pb_text][et_pb_text module_class=\u00bbfeat-strong-text\u00bb _builder_version=\u00bb4.16&#8243; text_font=\u00bbSanchez||||||||\u00bb text_font_size=\u00bb22px\u00bb text_line_height=\u00bb1.6em\u00bb custom_padding=\u00bb||0px|||\u00bb global_colors_info=\u00bb{}\u00bb]<\/p>\n<p>En Global Projects creemos que tu lugar de trabajo, all\u00ed donde inviertes una gran parte de tu d\u00eda, debe ser un espacio donde <strong>te sientas a gusto y que al mismo tiempo transmita tus valores<\/strong>. Es por eso por lo que en Global Projects nos encargamos de darle ese toque distintivo para <strong>transformar tu lugar de trabajo en el espacio que siempre has deseado<\/strong>.<\/p>\n<p>Contamos con una gran experiencia en la optimizaci\u00f3n y coordinaci\u00f3n de este tipo de trabajos, donde <strong>el dise\u00f1o, los tiempos de ejecuci\u00f3n y los costes son esenciales<\/strong> para adecuarnos a tus necesidades.<\/p>\n<p>[\/et_pb_text][et_pb_button button_url=\u00bb#budget-form\u00bb button_text=\u00bb\u00bfQuieres un presupuesto?\u00bb _builder_version=\u00bb4.16&#8243; global_colors_info=\u00bb{}\u00bb][\/et_pb_button][\/et_pb_column][et_pb_column type=\u00bb1_2&#8243; _builder_version=\u00bb4.16&#8243; custom_padding=\u00bb|||\u00bb global_colors_info=\u00bb{}\u00bb custom_padding__hover=\u00bb|||\u00bb][et_pb_text _builder_version=\u00bb4.16&#8243; global_colors_info=\u00bb{}\u00bb]<\/p>\n<p>&nbsp;<\/p>\n<p>&nbsp;<\/p>\n<p>Somos especialistas en <strong>trasladar la imagen corporativa, la personalidad y la cultura de una empresa a sus espacios f\u00edsicos<\/strong>. Ya sean oficinas, despachos o incluso coworkings, adaptamos el interiorismo del espacio profesional a la imagen que la empresa quiere transmitir. Adem\u00e1s, podemos trabajar de forma integral o puntual en trabajos de ampliaci\u00f3n o de reforma total de despachos u oficinas.<\/p>\n<p>Tenemos en cuenta hasta el m\u00ednimo detalle. Adaptamos la iluminaci\u00f3n de despachos y oficinas para crear los ambientes y las sensaciones deseadas en cada uno de los espacios. Adem\u00e1s, <strong>nuestro equipo de arquitectos e interioristas profesionales pueden realizar un proyecto completo que logre plasmar la imagen corporativa de la empresa en la reforma<\/strong>. Tambi\u00e9n nos encargamos la tramitaci\u00f3n de la licencia de obra, licencia de actividades, proyecto el\u00e9ctrico y proyecto de obras visados.<\/p>\n<p>Global Projects cuenta con un equipo de profesionales que se implica al m\u00e1ximo para garantizar un trabajo impecable. Adem\u00e1s, antes de comenzar <strong>te preparamos un presupuesto detallado, un estado de mediciones y planos<\/strong>.<\/p>\n<p>El objetivo es hacerte sentir lo m\u00e1s c\u00f3modo posible y que tengas la reforma controlada en todo momento.<\/p>\n<p>[\/et_pb_text][\/et_pb_column][\/et_pb_row][\/et_pb_section][et_pb_section fb_built=\u00bb1&#8243; _builder_version=\u00bb4.16&#8243; custom_padding=\u00bb||0px\u00bb global_colors_info=\u00bb{}\u00bb][et_pb_row _builder_version=\u00bb4.16&#8243; global_colors_info=\u00bb{}\u00bb][et_pb_column type=\u00bb4_4&#8243; _builder_version=\u00bb4.16&#8243; custom_padding=\u00bb|||\u00bb global_colors_info=\u00bb{}\u00bb custom_padding__hover=\u00bb|||\u00bb][et_pb_text _builder_version=\u00bb4.16&#8243; text_font=\u00bb|700|||||||\u00bb text_text_color=\u00bb#7eabaf\u00bb text_font_size=\u00bb22px\u00bb header_font=\u00bb||||||||\u00bb saved_tabs=\u00bball\u00bb global_colors_info=\u00bb{}\u00bb]<\/p>\n<p>Algunos proyectos de oficinas<\/p>\n<p>[\/et_pb_text][\/et_pb_column][\/et_pb_row][\/et_pb_section][et_pb_section fb_built=\u00bb1&#8243; _builder_version=\u00bb4.16&#8243; background_color=\u00bb#f5f5f5&#8243; use_background_color_gradient=\u00bbon\u00bb background_color_gradient_stops=\u00bb#ffffff 7%|#f0f0f0 7%\u00bb background_color_gradient_start=\u00bb#ffffff\u00bb background_color_gradient_start_position=\u00bb7%\u00bb background_color_gradient_end=\u00bb#f0f0f0&#8243; background_color_gradient_end_position=\u00bb7%\u00bb custom_margin=\u00bb||\u00bb custom_padding=\u00bb0px||\u00bb global_colors_info=\u00bb{}\u00bb][et_pb_row _builder_version=\u00bb4.16&#8243; custom_padding=\u00bb0px||\u00bb global_colors_info=\u00bb{}\u00bb][et_pb_column type=\u00bb4_4&#8243; _builder_version=\u00bb4.16&#8243; custom_padding=\u00bb|||\u00bb global_colors_info=\u00bb{}\u00bb custom_padding__hover=\u00bb|||\u00bb][et_pb_portfolio fullwidth=\u00bboff\u00bb posts_number=\u00bb6&#8243; include_categories=\u00bb3&#8243; show_title=\u00bboff\u00bb show_categories=\u00bboff\u00bb show_pagination=\u00bboff\u00bb module_class=\u00bbthree-column-grid portfolio\u00bb _builder_version=\u00bb4.16&#8243; global_colors_info=\u00bb{}\u00bb][\/et_pb_portfolio][et_pb_button button_url=\u00bb\/proyectos-reformas\u00bb button_text=\u00bbVer m\u00e1s proyectos de oficinas\u00bb button_alignment=\u00bbcenter\u00bb _builder_version=\u00bb4.16&#8243; locked=\u00bboff\u00bb global_colors_info=\u00bb{}\u00bb][\/et_pb_button][\/et_pb_column][\/et_pb_row][\/et_pb_section][et_pb_section fb_built=\u00bb1&#8243; module_id=\u00bbbudget-form\u00bb _builder_version=\u00bb4.16&#8243; background_color=\u00bb#003954&#8243; locked=\u00bboff\u00bb global_colors_info=\u00bb{}\u00bb][et_pb_row _builder_version=\u00bb4.16&#8243; max_width=\u00bb700px\u00bb global_colors_info=\u00bb{}\u00bb][et_pb_column type=\u00bb4_4&#8243; _builder_version=\u00bb4.16&#8243; custom_padding=\u00bb|||\u00bb global_colors_info=\u00bb{}\u00bb custom_padding__hover=\u00bb|||\u00bb][et_pb_text _builder_version=\u00bb4.16&#8243; text_font=\u00bb||||||||\u00bb text_orientation=\u00bbcenter\u00bb background_layout=\u00bbdark\u00bb global_colors_info=\u00bb{}\u00bb]<\/p>\n<h2>\u00bfQuieres un presupuesto?<\/h2>\n<p><span>\u00bfTienes alguna reforma de vivienda en mente?<\/span><\/p>\n<p>[\/et_pb_text][\/et_pb_column][\/et_pb_row][et_pb_row _builder_version=\u00bb4.16&#8243; global_colors_info=\u00bb{}\u00bb][et_pb_column type=\u00bb4_4&#8243; _builder_version=\u00bb4.16&#8243; custom_padding=\u00bb|||\u00bb global_colors_info=\u00bb{}\u00bb custom_padding__hover=\u00bb|||\u00bb][et_pb_contact_form email=\u00bbpresupuesto@global-projects.es\u00bb custom_message=\u00bbNom: %%Name%%||et_pb_line_break_holder||Email: %%Email_Address%%||et_pb_line_break_holder||Missatge: %%Message%%\u00bb _builder_version=\u00bb4.24.0&#8243; _unique_id=\u00bbf86aeb1a-b8dc-4c01-86be-dcc595c4c2a7&#8243; form_field_background_color=\u00bbrgba(0,164,179,0.2)\u00bb form_field_text_color=\u00bb#ffffff\u00bb form_field_font=\u00bb||||||||\u00bb hover_enabled=\u00bb0&#8243; custom_css_contact_fields=\u00bbcolor: white;\u00bb form_background_color=\u00bbrgba(0,164,179,0.2)\u00bb global_colors_info=\u00bb{}\u00bb use_spam_service=\u00bbon\u00bb recaptcha_list=\u00bbGlobal Projects|Global Projects-0&#8243; sticky_enabled=\u00bb0&#8243;][et_pb_contact_field field_id=\u00bbName\u00bb field_title=\u00bbNombre\u00bb _builder_version=\u00bb4.16&#8243; global_colors_info=\u00bb{}\u00bb button_text_size__hover_enabled=\u00bboff\u00bb button_one_text_size__hover_enabled=\u00bboff\u00bb button_two_text_size__hover_enabled=\u00bboff\u00bb button_text_color__hover_enabled=\u00bboff\u00bb button_one_text_color__hover_enabled=\u00bboff\u00bb button_two_text_color__hover_enabled=\u00bboff\u00bb button_border_width__hover_enabled=\u00bboff\u00bb button_one_border_width__hover_enabled=\u00bboff\u00bb button_two_border_width__hover_enabled=\u00bboff\u00bb button_border_color__hover_enabled=\u00bboff\u00bb button_one_border_color__hover_enabled=\u00bboff\u00bb button_two_border_color__hover_enabled=\u00bboff\u00bb button_border_radius__hover_enabled=\u00bboff\u00bb button_one_border_radius__hover_enabled=\u00bboff\u00bb button_two_border_radius__hover_enabled=\u00bboff\u00bb button_letter_spacing__hover_enabled=\u00bboff\u00bb button_one_letter_spacing__hover_enabled=\u00bboff\u00bb button_two_letter_spacing__hover_enabled=\u00bboff\u00bb button_bg_color__hover_enabled=\u00bboff\u00bb button_one_bg_color__hover_enabled=\u00bboff\u00bb button_two_bg_color__hover_enabled=\u00bboff\u00bb][\/et_pb_contact_field][et_pb_contact_field field_id=\u00bbEmail_Address\u00bb field_title=\u00bbDirecci\u00f3n de correo electr\u00f3nico\u00bb field_type=\u00bbemail\u00bb _builder_version=\u00bb4.16&#8243; global_colors_info=\u00bb{}\u00bb button_text_size__hover_enabled=\u00bboff\u00bb button_one_text_size__hover_enabled=\u00bboff\u00bb button_two_text_size__hover_enabled=\u00bboff\u00bb button_text_color__hover_enabled=\u00bboff\u00bb button_one_text_color__hover_enabled=\u00bboff\u00bb button_two_text_color__hover_enabled=\u00bboff\u00bb button_border_width__hover_enabled=\u00bboff\u00bb button_one_border_width__hover_enabled=\u00bboff\u00bb button_two_border_width__hover_enabled=\u00bboff\u00bb button_border_color__hover_enabled=\u00bboff\u00bb button_one_border_color__hover_enabled=\u00bboff\u00bb button_two_border_color__hover_enabled=\u00bboff\u00bb button_border_radius__hover_enabled=\u00bboff\u00bb button_one_border_radius__hover_enabled=\u00bboff\u00bb button_two_border_radius__hover_enabled=\u00bboff\u00bb button_letter_spacing__hover_enabled=\u00bboff\u00bb button_one_letter_spacing__hover_enabled=\u00bboff\u00bb button_two_letter_spacing__hover_enabled=\u00bboff\u00bb button_bg_color__hover_enabled=\u00bboff\u00bb button_one_bg_color__hover_enabled=\u00bboff\u00bb button_two_bg_color__hover_enabled=\u00bboff\u00bb][\/et_pb_contact_field][et_pb_contact_field field_id=\u00bbMessage\u00bb field_title=\u00bbMensaje\u00bb field_type=\u00bbtext\u00bb fullwidth_field=\u00bbon\u00bb _builder_version=\u00bb4.16&#8243; global_colors_info=\u00bb{}\u00bb button_text_size__hover_enabled=\u00bboff\u00bb button_one_text_size__hover_enabled=\u00bboff\u00bb button_two_text_size__hover_enabled=\u00bboff\u00bb button_text_color__hover_enabled=\u00bboff\u00bb button_one_text_color__hover_enabled=\u00bboff\u00bb button_two_text_color__hover_enabled=\u00bboff\u00bb button_border_width__hover_enabled=\u00bboff\u00bb button_one_border_width__hover_enabled=\u00bboff\u00bb button_two_border_width__hover_enabled=\u00bboff\u00bb button_border_color__hover_enabled=\u00bboff\u00bb button_one_border_color__hover_enabled=\u00bboff\u00bb button_two_border_color__hover_enabled=\u00bboff\u00bb button_border_radius__hover_enabled=\u00bboff\u00bb button_one_border_radius__hover_enabled=\u00bboff\u00bb button_two_border_radius__hover_enabled=\u00bboff\u00bb button_letter_spacing__hover_enabled=\u00bboff\u00bb button_one_letter_spacing__hover_enabled=\u00bboff\u00bb button_two_letter_spacing__hover_enabled=\u00bboff\u00bb button_bg_color__hover_enabled=\u00bboff\u00bb button_one_bg_color__hover_enabled=\u00bboff\u00bb button_two_bg_color__hover_enabled=\u00bboff\u00bb][\/et_pb_contact_field][\/et_pb_contact_form][\/et_pb_column][\/et_pb_row][\/et_pb_section]<\/p>\n","protected":false},"excerpt":{"rendered":"<p>Reformas de OficinasEn Global Projects creemos que tu lugar de trabajo, all\u00ed donde inviertes una gran parte de tu d\u00eda, debe ser un espacio donde te sientas a gusto y que al mismo tiempo transmita tus valores. Es por eso por lo que en Global Projects nos encargamos de darle ese toque distintivo para transformar [&hellip;]<\/p>\n","protected":false},"author":8,"featured_media":0,"parent":49,"menu_order":7,"comment_status":"closed","ping_status":"closed","template":"","meta":{"_et_pb_use_builder":"on","_et_pb_old_content":"","_et_gb_content_width":"","footnotes":""},"class_list":["post-1009","page","type-page","status-publish","hentry"],"yoast_head":"<!-- This site is optimized with the Yoast SEO plugin v27.3 - https:\/\/yoast.com\/product\/yoast-seo-wordpress\/ -->\n<title>Reformas de Oficinas Barcelona - Global Projects<\/title>\n<meta name=\"description\" content=\"Global Projects realiza reformas de locales en Barcelona y oficinas para obtener un dise\u00f1o \u00fanico de cada espacio y ubicaci\u00f3n. Llame al 902 207 209\" \/>\n<meta name=\"robots\" content=\"index, follow, max-snippet:-1, max-image-preview:large, max-video-preview:-1\" \/>\n<link rel=\"canonical\" href=\"https:\/\/www.global-projects.es\/es\/servicios\/reformas-de-oficinas\/\" \/>\n<meta property=\"og:locale\" content=\"es_ES\" \/>\n<meta property=\"og:type\" content=\"article\" \/>\n<meta property=\"og:title\" content=\"Reformas de Oficinas Barcelona - Global Projects\" \/>\n<meta property=\"og:description\" content=\"Global Projects realiza reformas de locales en Barcelona y oficinas para obtener un dise\u00f1o \u00fanico de cada espacio y ubicaci\u00f3n. Llame al 902 207 209\" \/>\n<meta property=\"og:url\" content=\"https:\/\/www.global-projects.es\/es\/servicios\/reformas-de-oficinas\/\" \/>\n<meta property=\"og:site_name\" content=\"Global Projects\" \/>\n<meta property=\"article:publisher\" content=\"https:\/\/www.facebook.com\/gblprojects\" \/>\n<meta property=\"article:modified_time\" content=\"2024-02-13T15:56:20+00:00\" \/>\n<meta name=\"twitter:card\" content=\"summary_large_image\" \/>\n<meta name=\"twitter:site\" content=\"@global_projects\" \/>\n<meta name=\"twitter:label1\" content=\"Tiempo de lectura\" \/>\n\t<meta name=\"twitter:data1\" content=\"7 minutos\" \/>\n<script type=\"application\/ld+json\" class=\"yoast-schema-graph\">{\"@context\":\"https:\\\/\\\/schema.org\",\"@graph\":[{\"@type\":\"WebPage\",\"@id\":\"https:\\\/\\\/www.global-projects.es\\\/es\\\/servicios\\\/reformas-de-oficinas\\\/\",\"url\":\"https:\\\/\\\/www.global-projects.es\\\/es\\\/servicios\\\/reformas-de-oficinas\\\/\",\"name\":\"Reformas de Oficinas Barcelona - Global Projects\",\"isPartOf\":{\"@id\":\"https:\\\/\\\/www.global-projects.es\\\/es\\\/#website\"},\"datePublished\":\"2019-08-28T15:36:35+00:00\",\"dateModified\":\"2024-02-13T15:56:20+00:00\",\"description\":\"Global Projects realiza reformas de locales en Barcelona y oficinas para obtener un dise\u00f1o \u00fanico de cada espacio y ubicaci\u00f3n. Llame al 902 207 209\",\"breadcrumb\":{\"@id\":\"https:\\\/\\\/www.global-projects.es\\\/es\\\/servicios\\\/reformas-de-oficinas\\\/#breadcrumb\"},\"inLanguage\":\"es\",\"potentialAction\":[{\"@type\":\"ReadAction\",\"target\":[\"https:\\\/\\\/www.global-projects.es\\\/es\\\/servicios\\\/reformas-de-oficinas\\\/\"]}]},{\"@type\":\"BreadcrumbList\",\"@id\":\"https:\\\/\\\/www.global-projects.es\\\/es\\\/servicios\\\/reformas-de-oficinas\\\/#breadcrumb\",\"itemListElement\":[{\"@type\":\"ListItem\",\"position\":1,\"name\":\"Portada\",\"item\":\"https:\\\/\\\/www.global-projects.es\\\/es\\\/\"},{\"@type\":\"ListItem\",\"position\":2,\"name\":\"Servicios\",\"item\":\"https:\\\/\\\/www.global-projects.es\\\/es\\\/servicios\\\/\"},{\"@type\":\"ListItem\",\"position\":3,\"name\":\"Reformas de Oficinas\"}]},{\"@type\":\"WebSite\",\"@id\":\"https:\\\/\\\/www.global-projects.es\\\/es\\\/#website\",\"url\":\"https:\\\/\\\/www.global-projects.es\\\/es\\\/\",\"name\":\"Global Projects\",\"description\":\"Reformas Integrales Barcelona\",\"potentialAction\":[{\"@type\":\"SearchAction\",\"target\":{\"@type\":\"EntryPoint\",\"urlTemplate\":\"https:\\\/\\\/www.global-projects.es\\\/es\\\/?s={search_term_string}\"},\"query-input\":{\"@type\":\"PropertyValueSpecification\",\"valueRequired\":true,\"valueName\":\"search_term_string\"}}],\"inLanguage\":\"es\"}]}<\/script>\n<!-- \/ Yoast SEO plugin. -->","yoast_head_json":{"title":"Reformas de Oficinas Barcelona - Global Projects","description":"Global Projects realiza reformas de locales en Barcelona y oficinas para obtener un dise\u00f1o \u00fanico de cada espacio y ubicaci\u00f3n. Llame al 902 207 209","robots":{"index":"index","follow":"follow","max-snippet":"max-snippet:-1","max-image-preview":"max-image-preview:large","max-video-preview":"max-video-preview:-1"},"canonical":"https:\/\/www.global-projects.es\/es\/servicios\/reformas-de-oficinas\/","og_locale":"es_ES","og_type":"article","og_title":"Reformas de Oficinas Barcelona - Global Projects","og_description":"Global Projects realiza reformas de locales en Barcelona y oficinas para obtener un dise\u00f1o \u00fanico de cada espacio y ubicaci\u00f3n. Llame al 902 207 209","og_url":"https:\/\/www.global-projects.es\/es\/servicios\/reformas-de-oficinas\/","og_site_name":"Global Projects","article_publisher":"https:\/\/www.facebook.com\/gblprojects","article_modified_time":"2024-02-13T15:56:20+00:00","twitter_card":"summary_large_image","twitter_site":"@global_projects","twitter_misc":{"Tiempo de lectura":"7 minutos"},"schema":{"@context":"https:\/\/schema.org","@graph":[{"@type":"WebPage","@id":"https:\/\/www.global-projects.es\/es\/servicios\/reformas-de-oficinas\/","url":"https:\/\/www.global-projects.es\/es\/servicios\/reformas-de-oficinas\/","name":"Reformas de Oficinas Barcelona - Global Projects","isPartOf":{"@id":"https:\/\/www.global-projects.es\/es\/#website"},"datePublished":"2019-08-28T15:36:35+00:00","dateModified":"2024-02-13T15:56:20+00:00","description":"Global Projects realiza reformas de locales en Barcelona y oficinas para obtener un dise\u00f1o \u00fanico de cada espacio y ubicaci\u00f3n. Llame al 902 207 209","breadcrumb":{"@id":"https:\/\/www.global-projects.es\/es\/servicios\/reformas-de-oficinas\/#breadcrumb"},"inLanguage":"es","potentialAction":[{"@type":"ReadAction","target":["https:\/\/www.global-projects.es\/es\/servicios\/reformas-de-oficinas\/"]}]},{"@type":"BreadcrumbList","@id":"https:\/\/www.global-projects.es\/es\/servicios\/reformas-de-oficinas\/#breadcrumb","itemListElement":[{"@type":"ListItem","position":1,"name":"Portada","item":"https:\/\/www.global-projects.es\/es\/"},{"@type":"ListItem","position":2,"name":"Servicios","item":"https:\/\/www.global-projects.es\/es\/servicios\/"},{"@type":"ListItem","position":3,"name":"Reformas de Oficinas"}]},{"@type":"WebSite","@id":"https:\/\/www.global-projects.es\/es\/#website","url":"https:\/\/www.global-projects.es\/es\/","name":"Global Projects","description":"Reformas Integrales Barcelona","potentialAction":[{"@type":"SearchAction","target":{"@type":"EntryPoint","urlTemplate":"https:\/\/www.global-projects.es\/es\/?s={search_term_string}"},"query-input":{"@type":"PropertyValueSpecification","valueRequired":true,"valueName":"search_term_string"}}],"inLanguage":"es"}]}},"_links":{"self":[{"href":"https:\/\/www.global-projects.es\/es\/wp-json\/wp\/v2\/pages\/1009","targetHints":{"allow":["GET"]}}],"collection":[{"href":"https:\/\/www.global-projects.es\/es\/wp-json\/wp\/v2\/pages"}],"about":[{"href":"https:\/\/www.global-projects.es\/es\/wp-json\/wp\/v2\/types\/page"}],"author":[{"embeddable":true,"href":"https:\/\/www.global-projects.es\/es\/wp-json\/wp\/v2\/users\/8"}],"replies":[{"embeddable":true,"href":"https:\/\/www.global-projects.es\/es\/wp-json\/wp\/v2\/comments?post=1009"}],"version-history":[{"count":1,"href":"https:\/\/www.global-projects.es\/es\/wp-json\/wp\/v2\/pages\/1009\/revisions"}],"predecessor-version":[{"id":12803,"href":"https:\/\/www.global-projects.es\/es\/wp-json\/wp\/v2\/pages\/1009\/revisions\/12803"}],"up":[{"embeddable":true,"href":"https:\/\/www.global-projects.es\/es\/wp-json\/wp\/v2\/pages\/49"}],"wp:attachment":[{"href":"https:\/\/www.global-projects.es\/es\/wp-json\/wp\/v2\/media?parent=1009"}],"curies":[{"name":"wp","href":"https:\/\/api.w.org\/{rel}","templated":true}]}}