{"id":9871,"date":"2020-05-15T14:57:00","date_gmt":"2020-05-15T12:57:00","guid":{"rendered":"http:\/\/www.global-projects.es\/commercial-premises-reforms\/"},"modified":"2020-07-20T15:00:02","modified_gmt":"2020-07-20T13:00:02","slug":"commercial-premises-reforms","status":"publish","type":"page","link":"https:\/\/www.global-projects.es\/en\/commercial-premises-reforms\/","title":{"rendered":"Commercial premises reforms"},"content":{"rendered":"<p>[et_pb_section fb_built=&#8221;1&#8243; _builder_version=&#8221;3.22.5&#8243;][et_pb_row column_structure=&#8221;1_2,1_2&#8243; _builder_version=&#8221;3.25&#8243;][et_pb_column type=&#8221;1_2&#8243; _builder_version=&#8221;3.25&#8243; custom_padding=&#8221;|||&#8221; custom_padding__hover=&#8221;|||&#8221;][et_pb_text _builder_version=&#8221;3.27.4&#8243; custom_margin=&#8221;||15px&#8221;]<\/p>\n<h1>Commercial premises reforms<\/h1>\n<p>[\/et_pb_text][et_pb_text module_class=&#8221;feat-strong-text&#8221; _builder_version=&#8221;4.4.4&#8243; text_font=&#8221;Sanchez||||||||&#8221; text_font_size=&#8221;22px&#8221; text_line_height=&#8221;1.6em&#8221;]<strong>We reform the spaces of your commercial premises<\/strong> to create new sensations and experiences for your clients. We choose the perfect furniture for your business, <strong>following your vision and taking care of the smallest details<\/strong>.[\/et_pb_text][et_pb_button button_url=&#8221;#budget-form&#8221; button_text=&#8221;Do you want a budget?&#8221; _builder_version=&#8221;3.22.5&#8243;][\/et_pb_button][\/et_pb_column][et_pb_column type=&#8221;1_2&#8243; _builder_version=&#8221;3.25&#8243; custom_padding=&#8221;|||&#8221; custom_padding__hover=&#8221;|||&#8221;][et_pb_text _builder_version=&#8221;4.4.4&#8243;]We work on the project, interior design and execution of the reform. <strong>We take care of the lighting of the spaces depending on the design and utility of each one of them<\/strong>. <strong>We select the right furniture<\/strong> to be able to show a good business image.<\/p>\n<p>Stores, restaurants, bars, showrooms, hotels, are some of the spaces in which we have developed reform projects in Barcelona.<\/p>\n<p><strong>We design and transform the facilities to suit the characteristics<\/strong> and needs of your company: electricity, air conditioning, decoration and furniture.<\/p>\n<p>Our professional team, consisting of both architects and interior designers, will capture the image and personality of your business in the reform, <strong>transforming the premises into the perfect reflection of your company<\/strong>. The main objective is to achieve <strong>unique and personalized spaces<\/strong> based on the needs of each client, taking into account the type of business and its profitability.[\/et_pb_text][\/et_pb_column][\/et_pb_row][\/et_pb_section][et_pb_section fb_built=&#8221;1&#8243; _builder_version=&#8221;3.22.5&#8243; custom_padding=&#8221;||0px&#8221;][et_pb_row _builder_version=&#8221;3.25&#8243;][et_pb_column type=&#8221;4_4&#8243; _builder_version=&#8221;3.25&#8243; custom_padding=&#8221;|||&#8221; custom_padding__hover=&#8221;|||&#8221;][et_pb_text _builder_version=&#8221;3.27.4&#8243; text_font=&#8221;|700|||||||&#8221; text_text_color=&#8221;#00a4b3&#8243; text_font_size=&#8221;22px&#8221; header_font=&#8221;||||||||&#8221; saved_tabs=&#8221;all&#8221;]Some commercial premises reforms[\/et_pb_text][\/et_pb_column][\/et_pb_row][\/et_pb_section][et_pb_section fb_built=&#8221;1&#8243; _builder_version=&#8221;3.22.5&#8243; background_color=&#8221;#f5f5f5&#8243; use_background_color_gradient=&#8221;on&#8221; background_color_gradient_start=&#8221;#ffffff&#8221; background_color_gradient_end=&#8221;#f0f0f0&#8243; background_color_gradient_start_position=&#8221;7%&#8221; background_color_gradient_end_position=&#8221;7%&#8221; custom_margin=&#8221;||&#8221; custom_padding=&#8221;0px||&#8221;][et_pb_row _builder_version=&#8221;3.25&#8243; custom_padding=&#8221;0px||&#8221;][et_pb_column type=&#8221;4_4&#8243; _builder_version=&#8221;3.25&#8243; custom_padding=&#8221;|||&#8221; custom_padding__hover=&#8221;|||&#8221;][et_pb_portfolio fullwidth=&#8221;off&#8221; posts_number=&#8221;6&#8243; include_categories=&#8221;6&#8243; show_title=&#8221;off&#8221; show_categories=&#8221;off&#8221; show_pagination=&#8221;off&#8221; module_class=&#8221;three-column-grid portfolio&#8221; _builder_version=&#8221;4.4.3&#8243;][\/et_pb_portfolio][et_pb_button button_url=&#8221;https:\/\/www.global-projects.es\/en\/our-projects\/&#8221; button_text=&#8221;More commercial premises reforms&#8221; button_alignment=&#8221;center&#8221; _builder_version=&#8221;4.4.5&#8243; locked=&#8221;off&#8221;][\/et_pb_button][\/et_pb_column][\/et_pb_row][\/et_pb_section][et_pb_section fb_built=&#8221;1&#8243; _builder_version=&#8221;3.22.5&#8243;][et_pb_row _builder_version=&#8221;3.25&#8243;][et_pb_column type=&#8221;4_4&#8243; _builder_version=&#8221;3.25&#8243; custom_padding=&#8221;|||&#8221; custom_padding__hover=&#8221;|||&#8221;][et_pb_text _builder_version=&#8221;3.27.4&#8243; text_font=&#8221;|700|||||||&#8221; text_text_color=&#8221;#00a4b3&#8243; text_font_size=&#8221;22px&#8221; header_font=&#8221;||||||||&#8221; saved_tabs=&#8221;all&#8221;]Clients of commercial premises reforms[\/et_pb_text][et_pb_gallery gallery_ids=&#8221;608,609,606,607,604,603,602,598,601,600,599,597,596,593,594,595,591,592,1058,10077,10074,10071,10068,10065,10062&#8243; posts_number=&#8221;24&#8243; show_title_and_caption=&#8221;off&#8221; show_pagination=&#8221;off&#8221; zoom_icon_color=&#8221;rgba(0,0,0,0)&#8221; hover_overlay_color=&#8221;rgba(255,255,255,0)&#8221; module_class=&#8221;clients-gallery&#8221; _builder_version=&#8221;4.5.1&#8243; child_filter_saturate=&#8221;0%&#8221; hover_enabled=&#8221;0&#8243;][\/et_pb_gallery][\/et_pb_column][\/et_pb_row][\/et_pb_section][et_pb_section fb_built=&#8221;1&#8243; module_id=&#8221;budget-form&#8221; _builder_version=&#8221;3.22.5&#8243; background_color=&#8221;#003954&#8243; locked=&#8221;off&#8221;][et_pb_row _builder_version=&#8221;3.25&#8243; max_width=&#8221;700px&#8221;][et_pb_column type=&#8221;4_4&#8243; _builder_version=&#8221;3.25&#8243; custom_padding=&#8221;|||&#8221; custom_padding__hover=&#8221;|||&#8221;][et_pb_text _builder_version=&#8221;3.27.4&#8243; text_font=&#8221;||||||||&#8221; text_orientation=&#8221;center&#8221; background_layout=&#8221;dark&#8221;]<\/p>\n<h2>Do you want a budget?<\/h2>\n<p>Do you have any commercial premises reforms in mind?[\/et_pb_text][\/et_pb_column][\/et_pb_row][et_pb_row _builder_version=&#8221;3.25&#8243;][et_pb_column type=&#8221;4_4&#8243; _builder_version=&#8221;3.25&#8243; custom_padding=&#8221;|||&#8221; custom_padding__hover=&#8221;|||&#8221;][et_pb_contact_form email=&#8221;presupuesto@global-projects.es&#8221; custom_message=&#8221;Nom: %%Name%%||et_pb_line_break_holder||Email: %%Email_Address%%||et_pb_line_break_holder||Missatge: %%Message%%&#8221; _builder_version=&#8221;4.0.11&#8243; form_field_background_color=&#8221;rgba(0,164,179,0.2)&#8221; form_field_text_color=&#8221;#ffffff&#8221; form_field_font=&#8221;||||||||&#8221; custom_css_contact_fields=&#8221;color: white;&#8221; form_background_color=&#8221;rgba(0,164,179,0.2)&#8221;][et_pb_contact_field field_id=&#8221;Name&#8221; field_title=&#8221;Name&#8221; _builder_version=&#8221;3.16&#8243; button_text_size__hover_enabled=&#8221;off&#8221; button_one_text_size__hover_enabled=&#8221;off&#8221; button_two_text_size__hover_enabled=&#8221;off&#8221; button_text_color__hover_enabled=&#8221;off&#8221; button_one_text_color__hover_enabled=&#8221;off&#8221; button_two_text_color__hover_enabled=&#8221;off&#8221; button_border_width__hover_enabled=&#8221;off&#8221; button_one_border_width__hover_enabled=&#8221;off&#8221; button_two_border_width__hover_enabled=&#8221;off&#8221; button_border_color__hover_enabled=&#8221;off&#8221; button_one_border_color__hover_enabled=&#8221;off&#8221; button_two_border_color__hover_enabled=&#8221;off&#8221; button_border_radius__hover_enabled=&#8221;off&#8221; button_one_border_radius__hover_enabled=&#8221;off&#8221; button_two_border_radius__hover_enabled=&#8221;off&#8221; button_letter_spacing__hover_enabled=&#8221;off&#8221; button_one_letter_spacing__hover_enabled=&#8221;off&#8221; button_two_letter_spacing__hover_enabled=&#8221;off&#8221; button_bg_color__hover_enabled=&#8221;off&#8221; button_one_bg_color__hover_enabled=&#8221;off&#8221; button_two_bg_color__hover_enabled=&#8221;off&#8221;][\/et_pb_contact_field][et_pb_contact_field field_id=&#8221;Email_Address&#8221; field_title=&#8221;Email&#8221; field_type=&#8221;email&#8221; _builder_version=&#8221;4.0.11&#8243; button_text_size__hover_enabled=&#8221;off&#8221; button_one_text_size__hover_enabled=&#8221;off&#8221; button_two_text_size__hover_enabled=&#8221;off&#8221; button_text_color__hover_enabled=&#8221;off&#8221; button_one_text_color__hover_enabled=&#8221;off&#8221; button_two_text_color__hover_enabled=&#8221;off&#8221; button_border_width__hover_enabled=&#8221;off&#8221; button_one_border_width__hover_enabled=&#8221;off&#8221; button_two_border_width__hover_enabled=&#8221;off&#8221; button_border_color__hover_enabled=&#8221;off&#8221; button_one_border_color__hover_enabled=&#8221;off&#8221; button_two_border_color__hover_enabled=&#8221;off&#8221; button_border_radius__hover_enabled=&#8221;off&#8221; button_one_border_radius__hover_enabled=&#8221;off&#8221; button_two_border_radius__hover_enabled=&#8221;off&#8221; button_letter_spacing__hover_enabled=&#8221;off&#8221; button_one_letter_spacing__hover_enabled=&#8221;off&#8221; button_two_letter_spacing__hover_enabled=&#8221;off&#8221; button_bg_color__hover_enabled=&#8221;off&#8221; button_one_bg_color__hover_enabled=&#8221;off&#8221; button_two_bg_color__hover_enabled=&#8221;off&#8221;][\/et_pb_contact_field][et_pb_contact_field field_id=&#8221;Message&#8221; field_title=&#8221;Message&#8221; field_type=&#8221;text&#8221; fullwidth_field=&#8221;on&#8221; _builder_version=&#8221;3.16&#8243; button_text_size__hover_enabled=&#8221;off&#8221; button_one_text_size__hover_enabled=&#8221;off&#8221; button_two_text_size__hover_enabled=&#8221;off&#8221; button_text_color__hover_enabled=&#8221;off&#8221; button_one_text_color__hover_enabled=&#8221;off&#8221; button_two_text_color__hover_enabled=&#8221;off&#8221; button_border_width__hover_enabled=&#8221;off&#8221; button_one_border_width__hover_enabled=&#8221;off&#8221; button_two_border_width__hover_enabled=&#8221;off&#8221; button_border_color__hover_enabled=&#8221;off&#8221; button_one_border_color__hover_enabled=&#8221;off&#8221; button_two_border_color__hover_enabled=&#8221;off&#8221; button_border_radius__hover_enabled=&#8221;off&#8221; button_one_border_radius__hover_enabled=&#8221;off&#8221; button_two_border_radius__hover_enabled=&#8221;off&#8221; button_letter_spacing__hover_enabled=&#8221;off&#8221; button_one_letter_spacing__hover_enabled=&#8221;off&#8221; button_two_letter_spacing__hover_enabled=&#8221;off&#8221; button_bg_color__hover_enabled=&#8221;off&#8221; button_one_bg_color__hover_enabled=&#8221;off&#8221; button_two_bg_color__hover_enabled=&#8221;off&#8221;][\/et_pb_contact_field][\/et_pb_contact_form][\/et_pb_column][\/et_pb_row][\/et_pb_section]<\/p>\n","protected":false},"excerpt":{"rendered":"<p>Commercial premises reformsWe reform the spaces of your commercial premises to create new sensations and experiences for your clients. We choose the perfect furniture for your business, following your vision and taking care of the smallest details.We work on the project, interior design and execution of the reform. We take care of the lighting of [&hellip;]<\/p>\n","protected":false},"author":8,"featured_media":0,"parent":0,"menu_order":6,"comment_status":"closed","ping_status":"closed","template":"","meta":{"_et_pb_use_builder":"on","_et_pb_old_content":"","_et_gb_content_width":"","footnotes":""},"class_list":["post-9871","page","type-page","status-publish","hentry"],"yoast_head":"<!-- This site is optimized with the Yoast SEO plugin v27.4 - https:\/\/yoast.com\/product\/yoast-seo-wordpress\/ -->\n<title>Reformas de Locales Barcelona - Global Projects<\/title>\n<meta name=\"description\" content=\"Global Projects realiza reformas de locales en Barcelona y oficinas para obtener un dise\u00f1o \u00fanico de cada espacio y ubicaci\u00f3n. Llame al 902 207 209\" \/>\n<meta name=\"robots\" content=\"index, follow, max-snippet:-1, max-image-preview:large, max-video-preview:-1\" \/>\n<link rel=\"canonical\" href=\"https:\/\/www.global-projects.es\/en\/commercial-premises-reforms\/\" \/>\n<meta property=\"og:locale\" content=\"en_US\" \/>\n<meta property=\"og:type\" content=\"article\" \/>\n<meta property=\"og:title\" content=\"Reformas de Locales Barcelona - Global Projects\" \/>\n<meta property=\"og:description\" content=\"Global Projects realiza reformas de locales en Barcelona y oficinas para obtener un dise\u00f1o \u00fanico de cada espacio y ubicaci\u00f3n. Llame al 902 207 209\" \/>\n<meta property=\"og:url\" content=\"https:\/\/www.global-projects.es\/en\/commercial-premises-reforms\/\" \/>\n<meta property=\"og:site_name\" content=\"Global Projects\" \/>\n<meta property=\"article:publisher\" content=\"https:\/\/www.facebook.com\/gblprojects\" \/>\n<meta property=\"article:modified_time\" content=\"2020-07-20T13:00:02+00:00\" \/>\n<meta name=\"twitter:card\" content=\"summary_large_image\" \/>\n<meta name=\"twitter:site\" content=\"@global_projects\" \/>\n<meta name=\"twitter:label1\" content=\"Est. reading time\" \/>\n\t<meta name=\"twitter:data1\" content=\"6 minutes\" \/>\n<script type=\"application\/ld+json\" class=\"yoast-schema-graph\">{\"@context\":\"https:\\\/\\\/schema.org\",\"@graph\":[{\"@type\":\"WebPage\",\"@id\":\"https:\\\/\\\/www.global-projects.es\\\/en\\\/commercial-premises-reforms\\\/\",\"url\":\"https:\\\/\\\/www.global-projects.es\\\/en\\\/commercial-premises-reforms\\\/\",\"name\":\"Reformas de Locales Barcelona - Global Projects\",\"isPartOf\":{\"@id\":\"https:\\\/\\\/www.global-projects.es\\\/es\\\/#website\"},\"datePublished\":\"2020-05-15T12:57:00+00:00\",\"dateModified\":\"2020-07-20T13:00:02+00:00\",\"description\":\"Global Projects realiza reformas de locales en Barcelona y oficinas para obtener un dise\u00f1o \u00fanico de cada espacio y ubicaci\u00f3n. Llame al 902 207 209\",\"breadcrumb\":{\"@id\":\"https:\\\/\\\/www.global-projects.es\\\/en\\\/commercial-premises-reforms\\\/#breadcrumb\"},\"inLanguage\":\"en-US\",\"potentialAction\":[{\"@type\":\"ReadAction\",\"target\":[\"https:\\\/\\\/www.global-projects.es\\\/en\\\/commercial-premises-reforms\\\/\"]}]},{\"@type\":\"BreadcrumbList\",\"@id\":\"https:\\\/\\\/www.global-projects.es\\\/en\\\/commercial-premises-reforms\\\/#breadcrumb\",\"itemListElement\":[{\"@type\":\"ListItem\",\"position\":1,\"name\":\"Portada\",\"item\":\"https:\\\/\\\/www.global-projects.es\\\/es\\\/\"},{\"@type\":\"ListItem\",\"position\":2,\"name\":\"Commercial premises reforms\"}]},{\"@type\":\"WebSite\",\"@id\":\"https:\\\/\\\/www.global-projects.es\\\/es\\\/#website\",\"url\":\"https:\\\/\\\/www.global-projects.es\\\/es\\\/\",\"name\":\"Global Projects\",\"description\":\"Reformas Integrales Barcelona\",\"potentialAction\":[{\"@type\":\"SearchAction\",\"target\":{\"@type\":\"EntryPoint\",\"urlTemplate\":\"https:\\\/\\\/www.global-projects.es\\\/es\\\/?s={search_term_string}\"},\"query-input\":{\"@type\":\"PropertyValueSpecification\",\"valueRequired\":true,\"valueName\":\"search_term_string\"}}],\"inLanguage\":\"en-US\"}]}<\/script>\n<!-- \/ Yoast SEO plugin. -->","yoast_head_json":{"title":"Reformas de Locales Barcelona - Global Projects","description":"Global Projects realiza reformas de locales en Barcelona y oficinas para obtener un dise\u00f1o \u00fanico de cada espacio y ubicaci\u00f3n. Llame al 902 207 209","robots":{"index":"index","follow":"follow","max-snippet":"max-snippet:-1","max-image-preview":"max-image-preview:large","max-video-preview":"max-video-preview:-1"},"canonical":"https:\/\/www.global-projects.es\/en\/commercial-premises-reforms\/","og_locale":"en_US","og_type":"article","og_title":"Reformas de Locales Barcelona - Global Projects","og_description":"Global Projects realiza reformas de locales en Barcelona y oficinas para obtener un dise\u00f1o \u00fanico de cada espacio y ubicaci\u00f3n. Llame al 902 207 209","og_url":"https:\/\/www.global-projects.es\/en\/commercial-premises-reforms\/","og_site_name":"Global Projects","article_publisher":"https:\/\/www.facebook.com\/gblprojects","article_modified_time":"2020-07-20T13:00:02+00:00","twitter_card":"summary_large_image","twitter_site":"@global_projects","twitter_misc":{"Est. reading time":"6 minutes"},"schema":{"@context":"https:\/\/schema.org","@graph":[{"@type":"WebPage","@id":"https:\/\/www.global-projects.es\/en\/commercial-premises-reforms\/","url":"https:\/\/www.global-projects.es\/en\/commercial-premises-reforms\/","name":"Reformas de Locales Barcelona - Global Projects","isPartOf":{"@id":"https:\/\/www.global-projects.es\/es\/#website"},"datePublished":"2020-05-15T12:57:00+00:00","dateModified":"2020-07-20T13:00:02+00:00","description":"Global Projects realiza reformas de locales en Barcelona y oficinas para obtener un dise\u00f1o \u00fanico de cada espacio y ubicaci\u00f3n. Llame al 902 207 209","breadcrumb":{"@id":"https:\/\/www.global-projects.es\/en\/commercial-premises-reforms\/#breadcrumb"},"inLanguage":"en-US","potentialAction":[{"@type":"ReadAction","target":["https:\/\/www.global-projects.es\/en\/commercial-premises-reforms\/"]}]},{"@type":"BreadcrumbList","@id":"https:\/\/www.global-projects.es\/en\/commercial-premises-reforms\/#breadcrumb","itemListElement":[{"@type":"ListItem","position":1,"name":"Portada","item":"https:\/\/www.global-projects.es\/es\/"},{"@type":"ListItem","position":2,"name":"Commercial premises reforms"}]},{"@type":"WebSite","@id":"https:\/\/www.global-projects.es\/es\/#website","url":"https:\/\/www.global-projects.es\/es\/","name":"Global Projects","description":"Reformas Integrales Barcelona","potentialAction":[{"@type":"SearchAction","target":{"@type":"EntryPoint","urlTemplate":"https:\/\/www.global-projects.es\/es\/?s={search_term_string}"},"query-input":{"@type":"PropertyValueSpecification","valueRequired":true,"valueName":"search_term_string"}}],"inLanguage":"en-US"}]}},"_links":{"self":[{"href":"https:\/\/www.global-projects.es\/en\/wp-json\/wp\/v2\/pages\/9871","targetHints":{"allow":["GET"]}}],"collection":[{"href":"https:\/\/www.global-projects.es\/en\/wp-json\/wp\/v2\/pages"}],"about":[{"href":"https:\/\/www.global-projects.es\/en\/wp-json\/wp\/v2\/types\/page"}],"author":[{"embeddable":true,"href":"https:\/\/www.global-projects.es\/en\/wp-json\/wp\/v2\/users\/8"}],"replies":[{"embeddable":true,"href":"https:\/\/www.global-projects.es\/en\/wp-json\/wp\/v2\/comments?post=9871"}],"version-history":[{"count":0,"href":"https:\/\/www.global-projects.es\/en\/wp-json\/wp\/v2\/pages\/9871\/revisions"}],"wp:attachment":[{"href":"https:\/\/www.global-projects.es\/en\/wp-json\/wp\/v2\/media?parent=9871"}],"curies":[{"name":"wp","href":"https:\/\/api.w.org\/{rel}","templated":true}]}}