{"id":7427,"date":"2019-08-28T17:36:35","date_gmt":"2019-08-28T15:36:35","guid":{"rendered":"http:\/\/www.global-projects.es\/reformas-de-oficinas\/"},"modified":"2020-07-20T15:31:43","modified_gmt":"2020-07-20T13:31:43","slug":"reformas-de-oficinas","status":"publish","type":"page","link":"https:\/\/www.global-projects.es\/ca\/reformas-de-oficinas\/","title":{"rendered":"Reformes d\u2019Oficines"},"content":{"rendered":"<p>[et_pb_section fb_built=&#8221;1&#8243; _builder_version=&#8221;3.22.5&#8243;][et_pb_row column_structure=&#8221;1_2,1_2&#8243; _builder_version=&#8221;3.25&#8243;][et_pb_column type=&#8221;1_2&#8243; _builder_version=&#8221;3.25&#8243; custom_padding=&#8221;|||&#8221; custom_padding__hover=&#8221;|||&#8221;][et_pb_text _builder_version=&#8221;3.27.4&#8243; custom_margin=&#8221;||15px&#8221;]<\/p>\n<h1>Reformes d&#8217;Oficines<\/h1>\n<p>[\/et_pb_text][et_pb_text module_class=&#8221;feat-strong-text&#8221; _builder_version=&#8221;3.27.4&#8243; text_font=&#8221;Sanchez||||||||&#8221; text_font_size=&#8221;22px&#8221; text_line_height=&#8221;1.6em&#8221; custom_padding=&#8221;||0px|||&#8221;]A Global Projects creiem que el teu lloc de treball, all\u00e0 on inverteixes una gran part del teu dia, ha de ser un espai on <strong>et sentis a gust i que transmeti els teus valors<\/strong>. \u00c9s per aix\u00f2 que a Global Projects ens encarreguem de donar-li el toc distintiu per <strong>transformar el teu espai de treball en el lloc que sempre has desitjat<\/strong>.<\/p>\n<p>Comptem amb una gran experi\u00e8ncia en l&#8217;optimitzaci\u00f3 i coordinaci\u00f3 d&#8217;aquest tipus de treballs, on <strong>el disseny, els temps d&#8217;execuci\u00f3 i els costos s\u00f3n essencials<\/strong> per adequar-nos a les teves necessitats.[\/et_pb_text][et_pb_button button_url=&#8221;#budget-form&#8221; button_text=&#8221;Vols un pressupost?&#8221; _builder_version=&#8221;3.22.5&#8243;][\/et_pb_button][\/et_pb_column][et_pb_column type=&#8221;1_2&#8243; _builder_version=&#8221;3.25&#8243; custom_padding=&#8221;|||&#8221; custom_padding__hover=&#8221;|||&#8221;][et_pb_text _builder_version=&#8221;3.27.4&#8243;]&nbsp;<\/p>\n<p>&nbsp;<\/p>\n<p>Som especialistes en <strong>traslladar la imatge corporativa, la personalitat i la cultura d&#8217;una empresa als seus espais f\u00edsics<\/strong>. Tant si s\u00f3n oficines, despatxos o fins i tot coworkings, adaptem l&#8217;interiorisme de l&#8217;espai professional a la imatge que l&#8217;empresa vol traslladar. A m\u00e9s, podem treballar de forma integral o puntual, en treballs d&#8217;ampliaci\u00f3 o de reforma total de despatxos o oficines.<\/p>\n<p>Tenim en compte fins al m\u00ednim detall, des de la il\u00b7luminaci\u00f3 dels espais, perqu\u00e8 la llum aconsegueixi crear ambients i sensacions desitjades en cada espai, fins al mobiliari adequat per poder mostrar una bona imatge del teu negoci. A m\u00e9s, <strong>el nostre equip de professionals, tant els arquitectes com els interioristes poden realitzar un projecte per a plasmar la imatge corporativa de l&#8217;empresa a la reforma<\/strong>.<\/p>\n<p>Dissenyem i reformem les seves instal\u00b7lacions perqu\u00e8 s&#8217;adaptin a les seves necessitats: electricitat, aire condicionat&#8230; Global Projects t\u00e9 un equip de professionals que s&#8217;implica al m\u00e0xim per garantir un treball impecable, a m\u00e9s tamb\u00e9 s&#8217;encarrega, si es desitja, de tota la tramitaci\u00f3 de la llic\u00e8ncia d&#8217;obra, llic\u00e8ncia d&#8217;activitats, projecte el\u00e8ctric i projecte d&#8217;obres visats. Volem fer-te sentir el m\u00e9s c\u00f2mode possible i que tinguis en tot moment la reforma controlada, \u00e9s per aix\u00f2 que abans de comen\u00e7ar, l&#8217;equip prepara un pressupost detallat, un estat d&#8217;amidaments i pl\u00e0nols.<\/p>\n<p>&nbsp;[\/et_pb_text][\/et_pb_column][\/et_pb_row][\/et_pb_section][et_pb_section fb_built=&#8221;1&#8243; _builder_version=&#8221;3.22.5&#8243; custom_padding=&#8221;||0px&#8221;][et_pb_row _builder_version=&#8221;3.25&#8243;][et_pb_column type=&#8221;4_4&#8243; _builder_version=&#8221;3.25&#8243; custom_padding=&#8221;|||&#8221; custom_padding__hover=&#8221;|||&#8221;][et_pb_text _builder_version=&#8221;3.27.4&#8243; text_font=&#8221;|700|||||||&#8221; text_text_color=&#8221;#00a4b3&#8243; text_font_size=&#8221;22px&#8221; header_font=&#8221;||||||||&#8221; saved_tabs=&#8221;all&#8221;]Alguns projectes d\u2019oficines[\/et_pb_text][\/et_pb_column][\/et_pb_row][\/et_pb_section][et_pb_section fb_built=&#8221;1&#8243; _builder_version=&#8221;3.22.5&#8243; background_color=&#8221;#f5f5f5&#8243; use_background_color_gradient=&#8221;on&#8221; background_color_gradient_start=&#8221;#ffffff&#8221; background_color_gradient_end=&#8221;#f0f0f0&#8243; background_color_gradient_start_position=&#8221;7%&#8221; background_color_gradient_end_position=&#8221;7%&#8221; custom_margin=&#8221;||&#8221; custom_padding=&#8221;0px||&#8221;][et_pb_row _builder_version=&#8221;3.25&#8243; custom_padding=&#8221;0px||&#8221;][et_pb_column type=&#8221;4_4&#8243; _builder_version=&#8221;3.25&#8243; custom_padding=&#8221;|||&#8221; custom_padding__hover=&#8221;|||&#8221;][et_pb_portfolio fullwidth=&#8221;off&#8221; posts_number=&#8221;6&#8243; include_categories=&#8221;3&#8243; show_title=&#8221;off&#8221; show_categories=&#8221;off&#8221; show_pagination=&#8221;off&#8221; module_class=&#8221;three-column-grid portfolio&#8221; _builder_version=&#8221;4.4.3&#8243;][\/et_pb_portfolio][et_pb_button button_url=&#8221;https:\/\/www.global-projects.es\/ca\/proyectos-reformas\/&#8221; button_text=&#8221;Veure m\u00e9s projectes d&#8217;oficines&#8221; button_alignment=&#8221;center&#8221; _builder_version=&#8221;4.4.5&#8243; locked=&#8221;off&#8221;][\/et_pb_button][\/et_pb_column][\/et_pb_row][\/et_pb_section][et_pb_section fb_built=&#8221;1&#8243; _builder_version=&#8221;3.22.5&#8243;][et_pb_row _builder_version=&#8221;3.25&#8243;][et_pb_column type=&#8221;4_4&#8243; _builder_version=&#8221;3.25&#8243; custom_padding=&#8221;|||&#8221; custom_padding__hover=&#8221;|||&#8221;][et_pb_text _builder_version=&#8221;3.27.4&#8243; text_font=&#8221;|700|||||||&#8221; text_text_color=&#8221;#00a4b3&#8243; text_font_size=&#8221;22px&#8221; header_font=&#8221;||||||||&#8221; saved_tabs=&#8221;all&#8221;]Alguns clients de reformes d\u2019oficines[\/et_pb_text][et_pb_gallery gallery_ids=&#8221;608,609,605,606,607,604,603,602,598,601,600,599,597,596,593,594,595,591,592,10076,10073,10070,10067,10064,10061&#8243; posts_number=&#8221;24&#8243; show_title_and_caption=&#8221;off&#8221; show_pagination=&#8221;off&#8221; zoom_icon_color=&#8221;rgba(0,0,0,0)&#8221; hover_overlay_color=&#8221;rgba(255,255,255,0)&#8221; module_class=&#8221;clients-gallery&#8221; _builder_version=&#8221;4.5.1&#8243; child_filter_saturate=&#8221;0%&#8221; hover_enabled=&#8221;0&#8243;][\/et_pb_gallery][\/et_pb_column][\/et_pb_row][\/et_pb_section][et_pb_section fb_built=&#8221;1&#8243; module_id=&#8221;budget-form&#8221; _builder_version=&#8221;3.22.5&#8243; background_color=&#8221;#003954&#8243; locked=&#8221;off&#8221;][et_pb_row _builder_version=&#8221;3.25&#8243; max_width=&#8221;700px&#8221;][et_pb_column type=&#8221;4_4&#8243; _builder_version=&#8221;3.25&#8243; custom_padding=&#8221;|||&#8221; custom_padding__hover=&#8221;|||&#8221;][et_pb_text _builder_version=&#8221;3.27.4&#8243; text_font=&#8221;||||||||&#8221; text_orientation=&#8221;center&#8221; background_layout=&#8221;dark&#8221;]<\/p>\n<h2>Vols un pressupost?<\/h2>\n<p>Tens alguna reforma d&#8217;habitatge en ment?[\/et_pb_text][\/et_pb_column][\/et_pb_row][et_pb_row _builder_version=&#8221;3.25&#8243;][et_pb_column type=&#8221;4_4&#8243; _builder_version=&#8221;3.25&#8243; custom_padding=&#8221;|||&#8221; custom_padding__hover=&#8221;|||&#8221;][et_pb_contact_form email=&#8221;presupuesto@global-projects.es&#8221; custom_message=&#8221;Nom: %%Name%%||et_pb_line_break_holder||Email: %%Email_Address%%||et_pb_line_break_holder||Missatge: %%Message%%&#8221; _builder_version=&#8221;4.0.11&#8243; form_field_background_color=&#8221;rgba(0,164,179,0.2)&#8221; form_field_text_color=&#8221;#ffffff&#8221; form_field_font=&#8221;||||||||&#8221; custom_css_contact_fields=&#8221;color: white;&#8221; form_background_color=&#8221;rgba(0,164,179,0.2)&#8221;][et_pb_contact_field field_id=&#8221;Name&#8221; field_title=&#8221;Nom&#8221; _builder_version=&#8221;3.16&#8243; button_text_size__hover_enabled=&#8221;off&#8221; button_one_text_size__hover_enabled=&#8221;off&#8221; button_two_text_size__hover_enabled=&#8221;off&#8221; button_text_color__hover_enabled=&#8221;off&#8221; button_one_text_color__hover_enabled=&#8221;off&#8221; button_two_text_color__hover_enabled=&#8221;off&#8221; button_border_width__hover_enabled=&#8221;off&#8221; button_one_border_width__hover_enabled=&#8221;off&#8221; button_two_border_width__hover_enabled=&#8221;off&#8221; button_border_color__hover_enabled=&#8221;off&#8221; button_one_border_color__hover_enabled=&#8221;off&#8221; button_two_border_color__hover_enabled=&#8221;off&#8221; button_border_radius__hover_enabled=&#8221;off&#8221; button_one_border_radius__hover_enabled=&#8221;off&#8221; button_two_border_radius__hover_enabled=&#8221;off&#8221; button_letter_spacing__hover_enabled=&#8221;off&#8221; button_one_letter_spacing__hover_enabled=&#8221;off&#8221; button_two_letter_spacing__hover_enabled=&#8221;off&#8221; button_bg_color__hover_enabled=&#8221;off&#8221; button_one_bg_color__hover_enabled=&#8221;off&#8221; button_two_bg_color__hover_enabled=&#8221;off&#8221;][\/et_pb_contact_field][et_pb_contact_field field_id=&#8221;Email_Address&#8221; field_title=&#8221;Direcci\u00f3 de correu electr\u00f2nic&#8221; field_type=&#8221;email&#8221; _builder_version=&#8221;4.0.11&#8243; button_text_size__hover_enabled=&#8221;off&#8221; button_one_text_size__hover_enabled=&#8221;off&#8221; button_two_text_size__hover_enabled=&#8221;off&#8221; button_text_color__hover_enabled=&#8221;off&#8221; button_one_text_color__hover_enabled=&#8221;off&#8221; button_two_text_color__hover_enabled=&#8221;off&#8221; button_border_width__hover_enabled=&#8221;off&#8221; button_one_border_width__hover_enabled=&#8221;off&#8221; button_two_border_width__hover_enabled=&#8221;off&#8221; button_border_color__hover_enabled=&#8221;off&#8221; button_one_border_color__hover_enabled=&#8221;off&#8221; button_two_border_color__hover_enabled=&#8221;off&#8221; button_border_radius__hover_enabled=&#8221;off&#8221; button_one_border_radius__hover_enabled=&#8221;off&#8221; button_two_border_radius__hover_enabled=&#8221;off&#8221; button_letter_spacing__hover_enabled=&#8221;off&#8221; button_one_letter_spacing__hover_enabled=&#8221;off&#8221; button_two_letter_spacing__hover_enabled=&#8221;off&#8221; button_bg_color__hover_enabled=&#8221;off&#8221; button_one_bg_color__hover_enabled=&#8221;off&#8221; button_two_bg_color__hover_enabled=&#8221;off&#8221;][\/et_pb_contact_field][et_pb_contact_field field_id=&#8221;Message&#8221; field_title=&#8221;Missatge&#8221; field_type=&#8221;text&#8221; fullwidth_field=&#8221;on&#8221; _builder_version=&#8221;3.16&#8243; button_text_size__hover_enabled=&#8221;off&#8221; button_one_text_size__hover_enabled=&#8221;off&#8221; button_two_text_size__hover_enabled=&#8221;off&#8221; button_text_color__hover_enabled=&#8221;off&#8221; button_one_text_color__hover_enabled=&#8221;off&#8221; button_two_text_color__hover_enabled=&#8221;off&#8221; button_border_width__hover_enabled=&#8221;off&#8221; button_one_border_width__hover_enabled=&#8221;off&#8221; button_two_border_width__hover_enabled=&#8221;off&#8221; button_border_color__hover_enabled=&#8221;off&#8221; button_one_border_color__hover_enabled=&#8221;off&#8221; button_two_border_color__hover_enabled=&#8221;off&#8221; button_border_radius__hover_enabled=&#8221;off&#8221; button_one_border_radius__hover_enabled=&#8221;off&#8221; button_two_border_radius__hover_enabled=&#8221;off&#8221; button_letter_spacing__hover_enabled=&#8221;off&#8221; button_one_letter_spacing__hover_enabled=&#8221;off&#8221; button_two_letter_spacing__hover_enabled=&#8221;off&#8221; button_bg_color__hover_enabled=&#8221;off&#8221; button_one_bg_color__hover_enabled=&#8221;off&#8221; button_two_bg_color__hover_enabled=&#8221;off&#8221;][\/et_pb_contact_field][\/et_pb_contact_form][\/et_pb_column][\/et_pb_row][\/et_pb_section]<\/p>\n","protected":false},"excerpt":{"rendered":"<p>Reformes d&#8217;OficinesA Global Projects creiem que el teu lloc de treball, all\u00e0 on inverteixes una gran part del teu dia, ha de ser un espai on et sentis a gust i que transmeti els teus valors. \u00c9s per aix\u00f2 que a Global Projects ens encarreguem de donar-li el toc distintiu per transformar el teu espai [&hellip;]<\/p>\n","protected":false},"author":8,"featured_media":0,"parent":0,"menu_order":7,"comment_status":"closed","ping_status":"closed","template":"","meta":{"_et_pb_use_builder":"on","_et_pb_old_content":"","_et_gb_content_width":"","footnotes":""},"class_list":["post-7427","page","type-page","status-publish","hentry"],"yoast_head":"<!-- This site is optimized with the Yoast SEO plugin v27.4 - https:\/\/yoast.com\/product\/yoast-seo-wordpress\/ -->\n<title>Reformas de Oficinas Barcelona - Global Projects<\/title>\n<meta name=\"description\" content=\"Global Projects realiza reformas de locales en Barcelona y oficinas para obtener un dise\u00f1o \u00fanico de cada espacio y ubicaci\u00f3n. Llame al 902 207 209\" \/>\n<meta name=\"robots\" content=\"index, follow, max-snippet:-1, max-image-preview:large, max-video-preview:-1\" \/>\n<link rel=\"canonical\" href=\"https:\/\/www.global-projects.es\/ca\/reformas-de-oficinas\/\" \/>\n<meta property=\"og:locale\" content=\"ca_ES\" \/>\n<meta property=\"og:type\" content=\"article\" \/>\n<meta property=\"og:title\" content=\"Reformas de Oficinas Barcelona - Global Projects\" \/>\n<meta property=\"og:description\" content=\"Global Projects realiza reformas de locales en Barcelona y oficinas para obtener un dise\u00f1o \u00fanico de cada espacio y ubicaci\u00f3n. Llame al 902 207 209\" \/>\n<meta property=\"og:url\" content=\"https:\/\/www.global-projects.es\/ca\/reformas-de-oficinas\/\" \/>\n<meta property=\"og:site_name\" content=\"Global Projects\" \/>\n<meta property=\"article:publisher\" content=\"https:\/\/www.facebook.com\/gblprojects\" \/>\n<meta property=\"article:modified_time\" content=\"2020-07-20T13:31:43+00:00\" \/>\n<meta name=\"twitter:card\" content=\"summary_large_image\" \/>\n<meta name=\"twitter:site\" content=\"@global_projects\" \/>\n<meta name=\"twitter:label1\" content=\"Temps estimat de lectura\" \/>\n\t<meta name=\"twitter:data1\" content=\"7 minuts\" \/>\n<script type=\"application\/ld+json\" class=\"yoast-schema-graph\">{\"@context\":\"https:\\\/\\\/schema.org\",\"@graph\":[{\"@type\":\"WebPage\",\"@id\":\"https:\\\/\\\/www.global-projects.es\\\/ca\\\/reformas-de-oficinas\\\/\",\"url\":\"https:\\\/\\\/www.global-projects.es\\\/ca\\\/reformas-de-oficinas\\\/\",\"name\":\"Reformas de Oficinas Barcelona - Global Projects\",\"isPartOf\":{\"@id\":\"https:\\\/\\\/www.global-projects.es\\\/es\\\/#website\"},\"datePublished\":\"2019-08-28T15:36:35+00:00\",\"dateModified\":\"2020-07-20T13:31:43+00:00\",\"description\":\"Global Projects realiza reformas de locales en Barcelona y oficinas para obtener un dise\u00f1o \u00fanico de cada espacio y ubicaci\u00f3n. Llame al 902 207 209\",\"breadcrumb\":{\"@id\":\"https:\\\/\\\/www.global-projects.es\\\/ca\\\/reformas-de-oficinas\\\/#breadcrumb\"},\"inLanguage\":\"ca\",\"potentialAction\":[{\"@type\":\"ReadAction\",\"target\":[\"https:\\\/\\\/www.global-projects.es\\\/ca\\\/reformas-de-oficinas\\\/\"]}]},{\"@type\":\"BreadcrumbList\",\"@id\":\"https:\\\/\\\/www.global-projects.es\\\/ca\\\/reformas-de-oficinas\\\/#breadcrumb\",\"itemListElement\":[{\"@type\":\"ListItem\",\"position\":1,\"name\":\"Portada\",\"item\":\"https:\\\/\\\/www.global-projects.es\\\/es\\\/\"},{\"@type\":\"ListItem\",\"position\":2,\"name\":\"Reformes d\u2019Oficines\"}]},{\"@type\":\"WebSite\",\"@id\":\"https:\\\/\\\/www.global-projects.es\\\/es\\\/#website\",\"url\":\"https:\\\/\\\/www.global-projects.es\\\/es\\\/\",\"name\":\"Global Projects\",\"description\":\"Reformas Integrales Barcelona\",\"potentialAction\":[{\"@type\":\"SearchAction\",\"target\":{\"@type\":\"EntryPoint\",\"urlTemplate\":\"https:\\\/\\\/www.global-projects.es\\\/es\\\/?s={search_term_string}\"},\"query-input\":{\"@type\":\"PropertyValueSpecification\",\"valueRequired\":true,\"valueName\":\"search_term_string\"}}],\"inLanguage\":\"ca\"}]}<\/script>\n<!-- \/ Yoast SEO plugin. -->","yoast_head_json":{"title":"Reformas de Oficinas Barcelona - Global Projects","description":"Global Projects realiza reformas de locales en Barcelona y oficinas para obtener un dise\u00f1o \u00fanico de cada espacio y ubicaci\u00f3n. Llame al 902 207 209","robots":{"index":"index","follow":"follow","max-snippet":"max-snippet:-1","max-image-preview":"max-image-preview:large","max-video-preview":"max-video-preview:-1"},"canonical":"https:\/\/www.global-projects.es\/ca\/reformas-de-oficinas\/","og_locale":"ca_ES","og_type":"article","og_title":"Reformas de Oficinas Barcelona - Global Projects","og_description":"Global Projects realiza reformas de locales en Barcelona y oficinas para obtener un dise\u00f1o \u00fanico de cada espacio y ubicaci\u00f3n. Llame al 902 207 209","og_url":"https:\/\/www.global-projects.es\/ca\/reformas-de-oficinas\/","og_site_name":"Global Projects","article_publisher":"https:\/\/www.facebook.com\/gblprojects","article_modified_time":"2020-07-20T13:31:43+00:00","twitter_card":"summary_large_image","twitter_site":"@global_projects","twitter_misc":{"Temps estimat de lectura":"7 minuts"},"schema":{"@context":"https:\/\/schema.org","@graph":[{"@type":"WebPage","@id":"https:\/\/www.global-projects.es\/ca\/reformas-de-oficinas\/","url":"https:\/\/www.global-projects.es\/ca\/reformas-de-oficinas\/","name":"Reformas de Oficinas Barcelona - Global Projects","isPartOf":{"@id":"https:\/\/www.global-projects.es\/es\/#website"},"datePublished":"2019-08-28T15:36:35+00:00","dateModified":"2020-07-20T13:31:43+00:00","description":"Global Projects realiza reformas de locales en Barcelona y oficinas para obtener un dise\u00f1o \u00fanico de cada espacio y ubicaci\u00f3n. Llame al 902 207 209","breadcrumb":{"@id":"https:\/\/www.global-projects.es\/ca\/reformas-de-oficinas\/#breadcrumb"},"inLanguage":"ca","potentialAction":[{"@type":"ReadAction","target":["https:\/\/www.global-projects.es\/ca\/reformas-de-oficinas\/"]}]},{"@type":"BreadcrumbList","@id":"https:\/\/www.global-projects.es\/ca\/reformas-de-oficinas\/#breadcrumb","itemListElement":[{"@type":"ListItem","position":1,"name":"Portada","item":"https:\/\/www.global-projects.es\/es\/"},{"@type":"ListItem","position":2,"name":"Reformes d\u2019Oficines"}]},{"@type":"WebSite","@id":"https:\/\/www.global-projects.es\/es\/#website","url":"https:\/\/www.global-projects.es\/es\/","name":"Global Projects","description":"Reformas Integrales Barcelona","potentialAction":[{"@type":"SearchAction","target":{"@type":"EntryPoint","urlTemplate":"https:\/\/www.global-projects.es\/es\/?s={search_term_string}"},"query-input":{"@type":"PropertyValueSpecification","valueRequired":true,"valueName":"search_term_string"}}],"inLanguage":"ca"}]}},"_links":{"self":[{"href":"https:\/\/www.global-projects.es\/ca\/wp-json\/wp\/v2\/pages\/7427","targetHints":{"allow":["GET"]}}],"collection":[{"href":"https:\/\/www.global-projects.es\/ca\/wp-json\/wp\/v2\/pages"}],"about":[{"href":"https:\/\/www.global-projects.es\/ca\/wp-json\/wp\/v2\/types\/page"}],"author":[{"embeddable":true,"href":"https:\/\/www.global-projects.es\/ca\/wp-json\/wp\/v2\/users\/8"}],"replies":[{"embeddable":true,"href":"https:\/\/www.global-projects.es\/ca\/wp-json\/wp\/v2\/comments?post=7427"}],"version-history":[{"count":0,"href":"https:\/\/www.global-projects.es\/ca\/wp-json\/wp\/v2\/pages\/7427\/revisions"}],"wp:attachment":[{"href":"https:\/\/www.global-projects.es\/ca\/wp-json\/wp\/v2\/media?parent=7427"}],"curies":[{"name":"wp","href":"https:\/\/api.w.org\/{rel}","templated":true}]}}