{"id":7193,"date":"2019-04-30T14:02:01","date_gmt":"2019-04-30T12:02:01","guid":{"rendered":"http:\/\/www.global-projects.es\/empresa-reformas-barcelona\/"},"modified":"2020-12-10T15:16:00","modified_gmt":"2020-12-10T14:16:00","slug":"empresa-reformas-barcelona","status":"publish","type":"page","link":"https:\/\/www.global-projects.es\/ca\/empresa-reformas-barcelona\/","title":{"rendered":"Empresa"},"content":{"rendered":"<p>[et_pb_section fb_built=&#8221;1&#8243; _builder_version=&#8221;3.22.5&#8243;][et_pb_row column_structure=&#8221;2_5,3_5&#8243; _builder_version=&#8221;3.25&#8243;][et_pb_column type=&#8221;2_5&#8243; _builder_version=&#8221;3.25&#8243; custom_padding=&#8221;|||&#8221; custom_padding__hover=&#8221;|||&#8221;][et_pb_text module_class=&#8221;feat-strong-text&#8221; _builder_version=&#8221;3.27.4&#8243; text_font=&#8221;Sanchez||||||||&#8221; text_font_size=&#8221;22px&#8221; text_line_height=&#8221;1.6em&#8221;]Global Projects \u00e9s una empresa de construcci\u00f3 i <strong>reformes integrals de Barcelona<\/strong> i l&#8217;\u00e0rea metropolitana. Portem <strong>m\u00e9s de 10 anys al mercat<\/strong> i comptem amb un equip amb una llarga traject\u00f2ria en el sector de la <strong>construcci\u00f3<\/strong>, l&#8217;<strong>arquitectura<\/strong> i l&#8217;<strong>interiorisme<\/strong>.[\/et_pb_text][\/et_pb_column][et_pb_column type=&#8221;3_5&#8243; _builder_version=&#8221;3.25&#8243; custom_padding=&#8221;|||&#8221; custom_padding__hover=&#8221;|||&#8221;][et_pb_text _builder_version=&#8221;3.27.4&#8243;]Comptem entre els nostres clients amb els m\u00e9s prestigiosos despatxos d&#8217;arquitectura i disseny d&#8217;interiors. Oferim tres l\u00ednies de serveis de reformes integrals a professionals i particulars: <strong>oficines<\/strong>, <strong>locals comercials<\/strong> i <strong>habitatges<\/strong>.<\/p>\n<p>Com a constructora aconseguim plasmar les idees dels nostres clients a partir de l&#8217;execuci\u00f3 de <b>projectes 360\u00ba<\/b> basats en la <b>qualitat<\/b>, el <b>compliment<\/b> dels terminis marcats i l&#8217;<b>aportaci\u00f3 de solucions<\/b> a les necessitats concretes de cada projecte.<\/p>\n<p>Per a aix\u00f2, Global Projects prepara un pressupost detallat abans de cada projecte, un estat de mesurament i pl\u00e0nols perqu\u00e8 els nostres clients tinguin <b>control total sobre l&#8217;evoluci\u00f3<\/b> del seu projecte.[\/et_pb_text][\/et_pb_column][\/et_pb_row][et_pb_row _builder_version=&#8221;3.25&#8243; custom_padding=&#8221;||0px&#8221;][et_pb_column type=&#8221;4_4&#8243; _builder_version=&#8221;3.25&#8243; custom_padding=&#8221;|||&#8221; custom_padding__hover=&#8221;|||&#8221;][et_pb_text _builder_version=&#8221;3.27.4&#8243; text_font=&#8221;|700|||||||&#8221; text_text_color=&#8221;#00a4b3&#8243; text_font_size=&#8221;22px&#8221; header_font=&#8221;||||||||&#8221; saved_tabs=&#8221;all&#8221;]Socis[\/et_pb_text][\/et_pb_column][\/et_pb_row][et_pb_row column_structure=&#8221;1_3,1_3,1_3&#8243; use_custom_gutter=&#8221;on&#8221; gutter_width=&#8221;2&#8243; _builder_version=&#8221;3.25&#8243;][et_pb_column type=&#8221;1_3&#8243; _builder_version=&#8221;3.25&#8243; custom_padding=&#8221;|||&#8221; custom_padding__hover=&#8221;|||&#8221;][et_pb_team_member name=&#8221;Carles Rodr\u00edguez&#8221; position=&#8221;Director &#8221; image_url=&#8221;https:\/\/www.global-projects.es\/wp-content\/uploads\/2019\/07\/carles.jpg&#8221; _builder_version=&#8221;3.22.5&#8243; child_filter_saturate=&#8221;0%&#8221; custom_css_title=&#8221;margin-top: 30px&#8221; custom_css_member_position=&#8221;margin-bottom: 20px&#8221; saved_tabs=&#8221;all&#8221;]Project Manager, llicenciat en Enginyeria de l&#8217;Edificaci\u00f3 per la Universitat de Girona i MBA especialitzat en el sector del real estate i de la construcci\u00f3 per la Universitat de Barcelona, Carles Rodr\u00edguez compta amb m\u00e9s de 15 anys d&#8217;experi\u00e8ncia al sector de la construcci\u00f3.[\/et_pb_team_member][\/et_pb_column][et_pb_column type=&#8221;1_3&#8243; _builder_version=&#8221;3.25&#8243; custom_padding=&#8221;|||&#8221; custom_padding__hover=&#8221;|||&#8221;][et_pb_team_member name=&#8221;Gisela Farr\u00e9&#8221; position=&#8221;Executive Director&#8221; image_url=&#8221;https:\/\/www.global-projects.es\/wp-content\/uploads\/2019\/07\/gisela.jpg&#8221; _builder_version=&#8221;3.22.5&#8243; child_filter_saturate=&#8221;0%&#8221; custom_css_title=&#8221;margin-top: 30px&#8221; custom_css_member_position=&#8221;margin-bottom: 20px&#8221; saved_tabs=&#8221;all&#8221;]Llicenciada en Arquitectura t\u00e8cnica per l&#8217;Escola Universit\u00e0ria de Disseny i Enginyeria de Barcelona, ELISAVA, Gisela Farr\u00e9 \u00e9s una apassionada del seu ofici i compta amb 15 anys d&#8217;experi\u00e8ncia en el sector de l&#8217;arquitectura, construcci\u00f3, reformes i disseny d&#8217;interiors.[\/et_pb_team_member][\/et_pb_column][et_pb_column type=&#8221;1_3&#8243; _builder_version=&#8221;3.25&#8243; custom_padding=&#8221;|||&#8221; custom_padding__hover=&#8221;|||&#8221;][et_pb_team_member name=&#8221;Marc Riba&#8221; position=&#8221;Soci fundador&#8221; image_url=&#8221;https:\/\/www.global-projects.es\/wp-content\/uploads\/2019\/07\/marc.jpg&#8221; _builder_version=&#8221;3.22.5&#8243; child_filter_saturate=&#8221;0%&#8221; custom_css_title=&#8221;margin-top: 30px&#8221; custom_css_member_position=&#8221;margin-bottom: 20px&#8221; saved_tabs=&#8221;all&#8221;]Empresari del m\u00f3n de la construcci\u00f3 amb m\u00e9s de 10 anys d&#8217;experi\u00e8ncia en empreses del sector de les reformes. Provinent d&#8217;una fam\u00edlia de constructors, Marc Riba s&#8217;encarrega de l&#8217;\u00e0rea de desenvolupament de negoci i la producci\u00f3.[\/et_pb_team_member][\/et_pb_column][\/et_pb_row][\/et_pb_section][et_pb_section fb_built=&#8221;1&#8243; _builder_version=&#8221;3.22.5&#8243; border_width_all=&#8221;30px&#8221; border_color_all=&#8221;#f5f5f5&#8243;][et_pb_row _builder_version=&#8221;3.25&#8243; custom_padding=&#8221;||0px&#8221;][et_pb_column type=&#8221;4_4&#8243; _builder_version=&#8221;3.25&#8243; custom_padding=&#8221;|||&#8221; custom_padding__hover=&#8221;|||&#8221;][et_pb_text _builder_version=&#8221;3.27.4&#8243; text_font=&#8221;|700|||||||&#8221; text_text_color=&#8221;#00a4b3&#8243; text_font_size=&#8221;22px&#8221; header_font=&#8221;||||||||&#8221; saved_tabs=&#8221;all&#8221;]Els Nostres Serveis[\/et_pb_text][\/et_pb_column][\/et_pb_row][et_pb_row column_structure=&#8221;1_2,1_2&#8243; use_custom_gutter=&#8221;on&#8221; gutter_width=&#8221;2&#8243; custom_padding_last_edited=&#8221;on|desktop&#8221; _builder_version=&#8221;3.25&#8243; custom_padding=&#8221;||0px&#8221; custom_padding_tablet=&#8221;||60px|&#8221; custom_padding_phone=&#8221;||50px&#8221;][et_pb_column type=&#8221;1_2&#8243; _builder_version=&#8221;3.25&#8243; custom_padding=&#8221;|||&#8221; custom_padding__hover=&#8221;|||&#8221;][et_pb_text _builder_version=&#8221;3.27.4&#8243; text_font=&#8221;||||||||&#8221;]<\/p>\n<h2>Reforma i rehabilitaci\u00f3 d&#8217;habitatges<\/h2>\n<p>Realitzem<b> projectes \u00fanics <\/b>segons les idees, pressupostos i necessitats de cada clients. Traiem el m\u00e0xim partit a les <b>\u00faltimes tend\u00e8ncies<\/b> i materials disponibles, trobant solucions i dissenyant espais pel <b>m\u00e0xim confort<\/b>.[\/et_pb_text][et_pb_button button_url=&#8221;https:\/\/www.global-projects.es\/ca\/reformas-integrales-en-barcelona\/&#8221; button_text=&#8221;Informa&#8217;t&#8221; _builder_version=&#8221;4.2.2&#8243; custom_margin=&#8221;||&#8221;][\/et_pb_button][\/et_pb_column][et_pb_column type=&#8221;1_2&#8243; _builder_version=&#8221;3.25&#8243; custom_padding=&#8221;|||&#8221; custom_padding__hover=&#8221;|||&#8221;][et_pb_image src=&#8221;https:\/\/www.global-projects.es\/wp-content\/uploads\/2020\/12\/AGA4955-scaled.jpg&#8221; align_tablet=&#8221;center&#8221; align_phone=&#8221;&#8221; align_last_edited=&#8221;on|desktop&#8221; _builder_version=&#8221;4.7.3&#8243; hover_enabled=&#8221;0&#8243; title_text=&#8221;_AGA4955&#8243; sticky_enabled=&#8221;0&#8243;][\/et_pb_image][\/et_pb_column][\/et_pb_row][et_pb_row column_structure=&#8221;1_2,1_2&#8243; use_custom_gutter=&#8221;on&#8221; gutter_width=&#8221;2&#8243; custom_padding_last_edited=&#8221;on|tablet&#8221; _builder_version=&#8221;3.25&#8243; custom_padding=&#8221;||0px&#8221; custom_padding_tablet=&#8221;||60px|&#8221; custom_padding_phone=&#8221;||50px&#8221;][et_pb_column type=&#8221;1_2&#8243; _builder_version=&#8221;3.25&#8243; custom_padding=&#8221;|||&#8221; custom_padding__hover=&#8221;|||&#8221;][et_pb_text _builder_version=&#8221;3.27.4&#8243;]<\/p>\n<h2>Reforma i rehabilitaci\u00f3 de locals comercials<\/h2>\n<p>[\/et_pb_text][et_pb_text _builder_version=&#8221;3.27.4&#8243;]Rehabilitem i fem <b>reformes parcials i integrals<\/b>, aix\u00ed com <b>ampliaci\u00f3 i reducci\u00f3<\/b> de locals. El nostre servei engloba des de la<b> il\u00b7luminaci\u00f3 <\/b>dels espais fins a l&#8217;<b>elecci\u00f3 del mobiliari<\/b> adequat pel teu negoci.[\/et_pb_text][et_pb_button button_url=&#8221;https:\/\/www.global-projects.es\/ca\/reformas-de-locales-comerciales\/&#8221; button_text=&#8221;Informa&#8217;t&#8221; button_alignment=&#8221;left&#8221; _builder_version=&#8221;4.2.2&#8243; custom_margin=&#8221;20px||&#8221;][\/et_pb_button][\/et_pb_column][et_pb_column type=&#8221;1_2&#8243; _builder_version=&#8221;3.25&#8243; custom_padding=&#8221;|||&#8221; custom_padding__hover=&#8221;|||&#8221;][et_pb_image src=&#8221;https:\/\/www.global-projects.es\/wp-content\/uploads\/2019\/08\/Showroom-Geberit-Barcelona-1-2.jpg&#8221; align_tablet=&#8221;center&#8221; align_phone=&#8221;&#8221; align_last_edited=&#8221;on|desktop&#8221; _builder_version=&#8221;3.23&#8243;][\/et_pb_image][\/et_pb_column][\/et_pb_row][et_pb_row column_structure=&#8221;1_2,1_2&#8243; use_custom_gutter=&#8221;on&#8221; gutter_width=&#8221;2&#8243; _builder_version=&#8221;3.25&#8243; custom_padding=&#8221;||&#8221;][et_pb_column type=&#8221;1_2&#8243; _builder_version=&#8221;3.25&#8243; custom_padding=&#8221;|||&#8221; custom_padding__hover=&#8221;|||&#8221;][et_pb_text _builder_version=&#8221;3.27.4&#8243; text_font=&#8221;||||||||&#8221;]<\/p>\n<h2>Reforma i rehabilitaci\u00f3 d&#8217;oficines<\/h2>\n<p>[\/et_pb_text][et_pb_text _builder_version=&#8221;3.27.4&#8243; text_font=&#8221;||||||||&#8221;]Som especialistes en <b>personalitzar llocs<\/b> de treball i <b>optimitzar espais<\/b> professionals. Treballem perqu\u00e8 el projecte s&#8217;adapti de manera fidedigna a la imatge corporativa del client fins a l&#8217;\u00faltim detall.[\/et_pb_text][et_pb_button button_url=&#8221;https:\/\/www.global-projects.es\/ca\/reformas-de-oficinas\/&#8221; button_text=&#8221;Informa&#8217;t&#8221; _builder_version=&#8221;4.2.2&#8243; custom_margin=&#8221;20px||&#8221;][\/et_pb_button][\/et_pb_column][et_pb_column type=&#8221;1_2&#8243; _builder_version=&#8221;3.25&#8243; custom_padding=&#8221;|||&#8221; custom_padding__hover=&#8221;|||&#8221;][et_pb_image src=&#8221;https:\/\/www.global-projects.es\/wp-content\/uploads\/2019\/09\/Oficinas-Tashia-4.jpg&#8221; align_tablet=&#8221;center&#8221; align_phone=&#8221;&#8221; align_last_edited=&#8221;on|desktop&#8221; _builder_version=&#8221;3.23&#8243;][\/et_pb_image][\/et_pb_column][\/et_pb_row][\/et_pb_section][et_pb_section fb_built=&#8221;1&#8243; _builder_version=&#8221;3.22.5&#8243;][et_pb_row _builder_version=&#8221;3.25&#8243; custom_padding=&#8221;||0px&#8221;][et_pb_column type=&#8221;4_4&#8243; _builder_version=&#8221;3.25&#8243; custom_padding=&#8221;|||&#8221; custom_padding__hover=&#8221;|||&#8221;][et_pb_text _builder_version=&#8221;3.27.4&#8243; text_font=&#8221;|700|||||||&#8221; text_text_color=&#8221;#00a4b3&#8243; text_font_size=&#8221;22px&#8221; header_font=&#8221;||||||||&#8221; saved_tabs=&#8221;all&#8221;]Alguns dels nostres clients[\/et_pb_text][\/et_pb_column][\/et_pb_row][et_pb_row _builder_version=&#8221;3.25&#8243;][et_pb_column type=&#8221;4_4&#8243; _builder_version=&#8221;3.25&#8243; custom_padding=&#8221;|||&#8221; custom_padding__hover=&#8221;|||&#8221;][et_pb_gallery gallery_ids=&#8221;591,592,593,594,595,596,597,598,599,600,601,602,603,604,605,606,607,608,609,10076,10073,10070,10067,10064,10061&#8243; posts_number=&#8221;24&#8243; show_title_and_caption=&#8221;off&#8221; show_pagination=&#8221;off&#8221; zoom_icon_color=&#8221;rgba(0,0,0,0)&#8221; hover_overlay_color=&#8221;rgba(255,255,255,0)&#8221; module_class=&#8221;clients-gallery&#8221; _builder_version=&#8221;4.5.1&#8243; child_filter_saturate=&#8221;0%&#8221; link_option_url=&#8221;#&#8221;][\/et_pb_gallery][\/et_pb_column][\/et_pb_row][\/et_pb_section]<\/p>\n","protected":false},"excerpt":{"rendered":"<p>Global Projects \u00e9s una empresa de construcci\u00f3 i reformes integrals de Barcelona i l&#8217;\u00e0rea metropolitana. Portem m\u00e9s de 10 anys al mercat i comptem amb un equip amb una llarga traject\u00f2ria en el sector de la construcci\u00f3, l&#8217;arquitectura i l&#8217;interiorisme.Comptem entre els nostres clients amb els m\u00e9s prestigiosos despatxos d&#8217;arquitectura i disseny d&#8217;interiors. Oferim tres [&hellip;]<\/p>\n","protected":false},"author":8,"featured_media":0,"parent":0,"menu_order":21,"comment_status":"closed","ping_status":"closed","template":"","meta":{"_et_pb_use_builder":"on","_et_pb_old_content":"","_et_gb_content_width":"","footnotes":""},"class_list":["post-7193","page","type-page","status-publish","hentry"],"yoast_head":"<!-- This site is optimized with the Yoast SEO plugin v27.4 - https:\/\/yoast.com\/product\/yoast-seo-wordpress\/ -->\n<title>Empresa de reformas en Barcelona<\/title>\n<meta name=\"description\" content=\"Global Projects empresa de reformas en Barcelona y rehabilitaciones cuenta con m\u00e1s de 10 a\u00f1os de experiencia en el sector de las reformas. Calidad 360 \u00ba!\" \/>\n<meta name=\"robots\" content=\"index, follow, max-snippet:-1, max-image-preview:large, max-video-preview:-1\" \/>\n<link rel=\"canonical\" href=\"https:\/\/www.global-projects.es\/ca\/empresa-reformas-barcelona\/\" \/>\n<meta property=\"og:locale\" content=\"ca_ES\" \/>\n<meta property=\"og:type\" content=\"article\" \/>\n<meta property=\"og:title\" content=\"Empresa de reformas en Barcelona\" \/>\n<meta property=\"og:description\" content=\"Global Projects empresa de reformas en Barcelona y rehabilitaciones cuenta con m\u00e1s de 10 a\u00f1os de experiencia en el sector de las reformas. Calidad 360 \u00ba!\" \/>\n<meta property=\"og:url\" content=\"https:\/\/www.global-projects.es\/ca\/empresa-reformas-barcelona\/\" \/>\n<meta property=\"og:site_name\" content=\"Global Projects\" \/>\n<meta property=\"article:publisher\" content=\"https:\/\/www.facebook.com\/gblprojects\" \/>\n<meta property=\"article:modified_time\" content=\"2020-12-10T14:16:00+00:00\" \/>\n<meta name=\"twitter:card\" content=\"summary_large_image\" \/>\n<meta name=\"twitter:site\" content=\"@global_projects\" \/>\n<meta name=\"twitter:label1\" content=\"Temps estimat de lectura\" \/>\n\t<meta name=\"twitter:data1\" content=\"6 minuts\" \/>\n<script type=\"application\/ld+json\" class=\"yoast-schema-graph\">{\"@context\":\"https:\\\/\\\/schema.org\",\"@graph\":[{\"@type\":\"WebPage\",\"@id\":\"https:\\\/\\\/www.global-projects.es\\\/ca\\\/empresa-reformas-barcelona\\\/\",\"url\":\"https:\\\/\\\/www.global-projects.es\\\/ca\\\/empresa-reformas-barcelona\\\/\",\"name\":\"Empresa de reformas en Barcelona\",\"isPartOf\":{\"@id\":\"https:\\\/\\\/www.global-projects.es\\\/es\\\/#website\"},\"datePublished\":\"2019-04-30T12:02:01+00:00\",\"dateModified\":\"2020-12-10T14:16:00+00:00\",\"description\":\"Global Projects empresa de reformas en Barcelona y rehabilitaciones cuenta con m\u00e1s de 10 a\u00f1os de experiencia en el sector de las reformas. Calidad 360 \u00ba!\",\"breadcrumb\":{\"@id\":\"https:\\\/\\\/www.global-projects.es\\\/ca\\\/empresa-reformas-barcelona\\\/#breadcrumb\"},\"inLanguage\":\"ca\",\"potentialAction\":[{\"@type\":\"ReadAction\",\"target\":[\"https:\\\/\\\/www.global-projects.es\\\/ca\\\/empresa-reformas-barcelona\\\/\"]}]},{\"@type\":\"BreadcrumbList\",\"@id\":\"https:\\\/\\\/www.global-projects.es\\\/ca\\\/empresa-reformas-barcelona\\\/#breadcrumb\",\"itemListElement\":[{\"@type\":\"ListItem\",\"position\":1,\"name\":\"Portada\",\"item\":\"https:\\\/\\\/www.global-projects.es\\\/es\\\/\"},{\"@type\":\"ListItem\",\"position\":2,\"name\":\"Empresa\"}]},{\"@type\":\"WebSite\",\"@id\":\"https:\\\/\\\/www.global-projects.es\\\/es\\\/#website\",\"url\":\"https:\\\/\\\/www.global-projects.es\\\/es\\\/\",\"name\":\"Global Projects\",\"description\":\"Reformas Integrales Barcelona\",\"potentialAction\":[{\"@type\":\"SearchAction\",\"target\":{\"@type\":\"EntryPoint\",\"urlTemplate\":\"https:\\\/\\\/www.global-projects.es\\\/es\\\/?s={search_term_string}\"},\"query-input\":{\"@type\":\"PropertyValueSpecification\",\"valueRequired\":true,\"valueName\":\"search_term_string\"}}],\"inLanguage\":\"ca\"}]}<\/script>\n<!-- \/ Yoast SEO plugin. -->","yoast_head_json":{"title":"Empresa de reformas en Barcelona","description":"Global Projects empresa de reformas en Barcelona y rehabilitaciones cuenta con m\u00e1s de 10 a\u00f1os de experiencia en el sector de las reformas. Calidad 360 \u00ba!","robots":{"index":"index","follow":"follow","max-snippet":"max-snippet:-1","max-image-preview":"max-image-preview:large","max-video-preview":"max-video-preview:-1"},"canonical":"https:\/\/www.global-projects.es\/ca\/empresa-reformas-barcelona\/","og_locale":"ca_ES","og_type":"article","og_title":"Empresa de reformas en Barcelona","og_description":"Global Projects empresa de reformas en Barcelona y rehabilitaciones cuenta con m\u00e1s de 10 a\u00f1os de experiencia en el sector de las reformas. Calidad 360 \u00ba!","og_url":"https:\/\/www.global-projects.es\/ca\/empresa-reformas-barcelona\/","og_site_name":"Global Projects","article_publisher":"https:\/\/www.facebook.com\/gblprojects","article_modified_time":"2020-12-10T14:16:00+00:00","twitter_card":"summary_large_image","twitter_site":"@global_projects","twitter_misc":{"Temps estimat de lectura":"6 minuts"},"schema":{"@context":"https:\/\/schema.org","@graph":[{"@type":"WebPage","@id":"https:\/\/www.global-projects.es\/ca\/empresa-reformas-barcelona\/","url":"https:\/\/www.global-projects.es\/ca\/empresa-reformas-barcelona\/","name":"Empresa de reformas en Barcelona","isPartOf":{"@id":"https:\/\/www.global-projects.es\/es\/#website"},"datePublished":"2019-04-30T12:02:01+00:00","dateModified":"2020-12-10T14:16:00+00:00","description":"Global Projects empresa de reformas en Barcelona y rehabilitaciones cuenta con m\u00e1s de 10 a\u00f1os de experiencia en el sector de las reformas. Calidad 360 \u00ba!","breadcrumb":{"@id":"https:\/\/www.global-projects.es\/ca\/empresa-reformas-barcelona\/#breadcrumb"},"inLanguage":"ca","potentialAction":[{"@type":"ReadAction","target":["https:\/\/www.global-projects.es\/ca\/empresa-reformas-barcelona\/"]}]},{"@type":"BreadcrumbList","@id":"https:\/\/www.global-projects.es\/ca\/empresa-reformas-barcelona\/#breadcrumb","itemListElement":[{"@type":"ListItem","position":1,"name":"Portada","item":"https:\/\/www.global-projects.es\/es\/"},{"@type":"ListItem","position":2,"name":"Empresa"}]},{"@type":"WebSite","@id":"https:\/\/www.global-projects.es\/es\/#website","url":"https:\/\/www.global-projects.es\/es\/","name":"Global Projects","description":"Reformas Integrales Barcelona","potentialAction":[{"@type":"SearchAction","target":{"@type":"EntryPoint","urlTemplate":"https:\/\/www.global-projects.es\/es\/?s={search_term_string}"},"query-input":{"@type":"PropertyValueSpecification","valueRequired":true,"valueName":"search_term_string"}}],"inLanguage":"ca"}]}},"_links":{"self":[{"href":"https:\/\/www.global-projects.es\/ca\/wp-json\/wp\/v2\/pages\/7193","targetHints":{"allow":["GET"]}}],"collection":[{"href":"https:\/\/www.global-projects.es\/ca\/wp-json\/wp\/v2\/pages"}],"about":[{"href":"https:\/\/www.global-projects.es\/ca\/wp-json\/wp\/v2\/types\/page"}],"author":[{"embeddable":true,"href":"https:\/\/www.global-projects.es\/ca\/wp-json\/wp\/v2\/users\/8"}],"replies":[{"embeddable":true,"href":"https:\/\/www.global-projects.es\/ca\/wp-json\/wp\/v2\/comments?post=7193"}],"version-history":[{"count":0,"href":"https:\/\/www.global-projects.es\/ca\/wp-json\/wp\/v2\/pages\/7193\/revisions"}],"wp:attachment":[{"href":"https:\/\/www.global-projects.es\/ca\/wp-json\/wp\/v2\/media?parent=7193"}],"curies":[{"name":"wp","href":"https:\/\/api.w.org\/{rel}","templated":true}]}}